{"id":198,"date":"2024-09-29T15:51:01","date_gmt":"2024-09-29T15:51:01","guid":{"rendered":"https:\/\/lamda.hemsida.eu\/?page_id=198"},"modified":"2024-09-29T21:48:35","modified_gmt":"2024-09-29T21:48:35","slug":"besiktning","status":"publish","type":"page","link":"https:\/\/lamdaab.se\/?page_id=198","title":{"rendered":"Besiktning"},"content":{"rendered":"\t\t<div data-elementor-type=\"wp-post\" data-elementor-id=\"198\" class=\"elementor elementor-198\" data-elementor-post-type=\"page\">\n\t\t\t\t<div class=\"elementor-element elementor-element-89c729c e-flex e-con-boxed e-con e-parent\" data-id=\"89c729c\" data-element_type=\"container\" data-settings=\"{&quot;background_background&quot;:&quot;classic&quot;}\">\n\t\t\t\t\t<div class=\"e-con-inner\">\n\t\t\t\t<div class=\"elementor-element elementor-element-1b00e61 elementor-widget elementor-widget-heading\" data-id=\"1b00e61\" data-element_type=\"widget\" data-widget_type=\"heading.default\">\n\t\t\t\t<div class=\"elementor-widget-container\">\n\t\t\t\t\t<h2 class=\"elementor-heading-title elementor-size-default\">Besiktning<\/h2>\t\t\t\t<\/div>\n\t\t\t\t<\/div>\n\t\t\t\t\t<\/div>\n\t\t\t\t<\/div>\n\t\t<div class=\"elementor-element elementor-element-9cf9343 e-flex e-con-boxed e-con e-parent\" data-id=\"9cf9343\" data-element_type=\"container\">\n\t\t\t\t\t<div class=\"e-con-inner\">\n\t\t<div class=\"elementor-element elementor-element-634ae85 e-con-full elementor-hidden-tablet elementor-hidden-mobile e-flex e-con e-child\" data-id=\"634ae85\" data-element_type=\"container\">\n\t\t\t\t<div class=\"elementor-element elementor-element-f263fe0 elementor-widget elementor-widget-heading\" data-id=\"f263fe0\" data-element_type=\"widget\" data-widget_type=\"heading.default\">\n\t\t\t\t<div class=\"elementor-widget-container\">\n\t\t\t\t\t<h2 class=\"elementor-heading-title elementor-size-default\">V\u00e5ra tj\u00e4nster<\/h2>\t\t\t\t<\/div>\n\t\t\t\t<\/div>\n\t\t\t\t<div class=\"elementor-element elementor-element-f935973 elementor-widget-divider--view-line elementor-widget elementor-widget-divider\" data-id=\"f935973\" data-element_type=\"widget\" data-widget_type=\"divider.default\">\n\t\t\t\t<div class=\"elementor-widget-container\">\n\t\t\t\t\t\t\t<div class=\"elementor-divider\">\n\t\t\t<span class=\"elementor-divider-separator\">\n\t\t\t\t\t\t<\/span>\n\t\t<\/div>\n\t\t\t\t\t\t<\/div>\n\t\t\t\t<\/div>\n\t\t\t\t<div class=\"elementor-element elementor-element-1c0ca1f elementor-widget-divider--view-line elementor-widget elementor-widget-divider\" data-id=\"1c0ca1f\" data-element_type=\"widget\" data-widget_type=\"divider.default\">\n\t\t\t\t<div class=\"elementor-widget-container\">\n\t\t\t\t\t\t\t<div class=\"elementor-divider\">\n\t\t\t<span class=\"elementor-divider-separator\">\n\t\t\t\t\t\t<\/span>\n\t\t<\/div>\n\t\t\t\t\t\t<\/div>\n\t\t\t\t<\/div>\n\t\t\t\t<div class=\"elementor-element elementor-element-a35750e elementor-widget elementor-widget-heading\" data-id=\"a35750e\" data-element_type=\"widget\" data-widget_type=\"heading.default\">\n\t\t\t\t<div class=\"elementor-widget-container\">\n\t\t\t\t\t<h2 class=\"elementor-heading-title elementor-size-default\"><a href=\"https:\/\/lamdaab.se\/?page_id=183\">Projektering<\/a><\/h2>\t\t\t\t<\/div>\n\t\t\t\t<\/div>\n\t\t\t\t<div class=\"elementor-element elementor-element-19227aa elementor-widget elementor-widget-heading\" data-id=\"19227aa\" data-element_type=\"widget\" data-widget_type=\"heading.default\">\n\t\t\t\t<div class=\"elementor-widget-container\">\n\t\t\t\t\t<h2 class=\"elementor-heading-title elementor-size-default\"><a href=\"https:\/\/lamdaab.se\/?page_id=40\">Besiktning<\/a><\/h2>\t\t\t\t<\/div>\n\t\t\t\t<\/div>\n\t\t\t\t<div class=\"elementor-element elementor-element-88d33db elementor-widget elementor-widget-heading\" data-id=\"88d33db\" data-element_type=\"widget\" data-widget_type=\"heading.default\">\n\t\t\t\t<div class=\"elementor-widget-container\">\n\t\t\t\t\t<h2 class=\"elementor-heading-title elementor-size-default\"><a href=\"https:\/\/lamdaab.se\/?page_id=210\">Entreprenadbesiktning<\/a><\/h2>\t\t\t\t<\/div>\n\t\t\t\t<\/div>\n\t\t\t\t<div class=\"elementor-element elementor-element-32d3fd0 elementor-widget elementor-widget-heading\" data-id=\"32d3fd0\" data-element_type=\"widget\" data-widget_type=\"heading.default\">\n\t\t\t\t<div class=\"elementor-widget-container\">\n\t\t\t\t\t<h2 class=\"elementor-heading-title elementor-size-default\"><a href=\"https:\/\/lamdaab.se\/?page_id=221\">Utbildningar<\/a><\/h2>\t\t\t\t<\/div>\n\t\t\t\t<\/div>\n\t\t\t\t<div class=\"elementor-element elementor-element-c4fd2d8 elementor-widget elementor-widget-heading\" data-id=\"c4fd2d8\" data-element_type=\"widget\" data-widget_type=\"heading.default\">\n\t\t\t\t<div class=\"elementor-widget-container\">\n\t\t\t\t\t<h2 class=\"elementor-heading-title elementor-size-default\"><a href=\"https:\/\/lamdaab.se\/?page_id=226\">Kalkylering<\/a><\/h2>\t\t\t\t<\/div>\n\t\t\t\t<\/div>\n\t\t\t\t<div class=\"elementor-element elementor-element-e7fe5ae elementor-widget elementor-widget-heading\" data-id=\"e7fe5ae\" data-element_type=\"widget\" data-widget_type=\"heading.default\">\n\t\t\t\t<div class=\"elementor-widget-container\">\n\t\t\t\t\t<h2 class=\"elementor-heading-title elementor-size-default\">Referensprojekt<\/h2>\t\t\t\t<\/div>\n\t\t\t\t<\/div>\n\t\t\t\t<div class=\"elementor-element elementor-element-1bd0422 elementor-widget-divider--view-line elementor-widget elementor-widget-divider\" data-id=\"1bd0422\" data-element_type=\"widget\" data-widget_type=\"divider.default\">\n\t\t\t\t<div class=\"elementor-widget-container\">\n\t\t\t\t\t\t\t<div class=\"elementor-divider\">\n\t\t\t<span class=\"elementor-divider-separator\">\n\t\t\t\t\t\t<\/span>\n\t\t<\/div>\n\t\t\t\t\t\t<\/div>\n\t\t\t\t<\/div>\n\t\t\t\t<div class=\"elementor-element elementor-element-c6aed40 elementor-widget-divider--view-line elementor-widget elementor-widget-divider\" data-id=\"c6aed40\" data-element_type=\"widget\" data-widget_type=\"divider.default\">\n\t\t\t\t<div class=\"elementor-widget-container\">\n\t\t\t\t\t\t\t<div class=\"elementor-divider\">\n\t\t\t<span class=\"elementor-divider-separator\">\n\t\t\t\t\t\t<\/span>\n\t\t<\/div>\n\t\t\t\t\t\t<\/div>\n\t\t\t\t<\/div>\n\t\t\t\t<div class=\"elementor-element elementor-element-6928d10 elementor-widget elementor-widget-text-editor\" data-id=\"6928d10\" data-element_type=\"widget\" data-widget_type=\"text-editor.default\">\n\t\t\t\t<div class=\"elementor-widget-container\">\n\t\t\t\t\t\t\t\t\t<p>L\u00e4s mer om v\u00e5ra tj\u00e4nster och vad det anv\u00e4nds till bland v\u00e5ra referenser.<\/p>\t\t\t\t\t\t\t\t<\/div>\n\t\t\t\t<\/div>\n\t\t\t\t<div class=\"elementor-element elementor-element-f18b4fb elementor-widget elementor-widget-button\" data-id=\"f18b4fb\" data-element_type=\"widget\" data-widget_type=\"button.default\">\n\t\t\t\t<div class=\"elementor-widget-container\">\n\t\t\t\t\t\t\t\t\t<div class=\"elementor-button-wrapper\">\n\t\t\t\t\t<a class=\"elementor-button elementor-button-link elementor-size-sm\" href=\"https:\/\/lamdaab.se\/?page_id=42\">\n\t\t\t\t\t\t<span class=\"elementor-button-content-wrapper\">\n\t\t\t\t\t\t\t\t\t<span class=\"elementor-button-text\">REFERENSPROJEKT<\/span>\n\t\t\t\t\t<\/span>\n\t\t\t\t\t<\/a>\n\t\t\t\t<\/div>\n\t\t\t\t\t\t\t\t<\/div>\n\t\t\t\t<\/div>\n\t\t\t\t<\/div>\n\t\t<div class=\"elementor-element elementor-element-bc49648 e-con-full e-flex e-con e-child\" data-id=\"bc49648\" data-element_type=\"container\">\n\t\t<div class=\"elementor-element elementor-element-565947f e-con-full e-flex e-con e-child\" data-id=\"565947f\" data-element_type=\"container\">\n\t\t\t\t<div class=\"elementor-element elementor-element-5e2db13 elementor-widget elementor-widget-heading\" data-id=\"5e2db13\" data-element_type=\"widget\" data-widget_type=\"heading.default\">\n\t\t\t\t<div class=\"elementor-widget-container\">\n\t\t\t\t\t<h2 class=\"elementor-heading-title elementor-size-default\">BESIKTNINGAR<\/h2>\t\t\t\t<\/div>\n\t\t\t\t<\/div>\n\t\t\t\t<div class=\"elementor-element elementor-element-2f17d0d elementor-widget__width-initial elementor-widget elementor-widget-text-editor\" data-id=\"2f17d0d\" data-element_type=\"widget\" data-widget_type=\"text-editor.default\">\n\t\t\t\t<div class=\"elementor-widget-container\">\n\t\t\t\t\t\t\t\t\t<p>Vi utf\u00f6r besiktningar f\u00f6re, under och efter byggprocesser i fastigheter.\u00a0<\/p>\t\t\t\t\t\t\t\t<\/div>\n\t\t\t\t<\/div>\n\t\t\t\t<div class=\"elementor-element elementor-element-2c0f947 elementor-widget__width-initial elementor-widget elementor-widget-heading\" data-id=\"2c0f947\" data-element_type=\"widget\" data-widget_type=\"heading.default\">\n\t\t\t\t<div class=\"elementor-widget-container\">\n\t\t\t\t\t<h2 class=\"elementor-heading-title elementor-size-default\">OVK\u2013 Obligatorisk Ventilations Kontroll<\/h2>\t\t\t\t<\/div>\n\t\t\t\t<\/div>\n\t\t\t\t<div class=\"elementor-element elementor-element-9ecd812 elementor-widget__width-initial elementor-widget elementor-widget-text-editor\" data-id=\"9ecd812\" data-element_type=\"widget\" data-widget_type=\"text-editor.default\">\n\t\t\t\t<div class=\"elementor-widget-container\">\n\t\t\t\t\t\t\t\t\t<p><strong>OVK, obligatorisk ventilationskontroll, ska g\u00f6ras regelbundet, i de flesta byggnader. Syftet \u00e4r att visa att inomhusklimatet \u00e4r bra och att ventilationssystemen fungerar. Kontrollen ska g\u00f6ras av en certifierad kontrollant, till exempel Lamda ingenj\u00f6rsbyr\u00e5 AB. Kontrollanten ska ocks\u00e5 ge f\u00f6rslag till hur energi\u00e5tg\u00e5ngen kan minskas f\u00f6r ventilationen, utan att det ger en s\u00e4mre inomhusmilj\u00f6.<\/strong><\/p>\t\t\t\t\t\t\t\t<\/div>\n\t\t\t\t<\/div>\n\t\t\t\t<div class=\"elementor-element elementor-element-27523a9 elementor-widget__width-initial elementor-widget elementor-widget-text-editor\" data-id=\"27523a9\" data-element_type=\"widget\" data-widget_type=\"text-editor.default\">\n\t\t\t\t<div class=\"elementor-widget-container\">\n\t\t\t\t\t\t\t\t\t<p>Det \u00e4r byggnadens \u00e4gare, till exempel bostadsr\u00e4ttsf\u00f6reningen, som ska se till att OVK utf\u00f6rs. \u00c4garen ska v\u00e4lja en sakkunnig funktionskontrollant, s\u00e5som\u00a0Lamda ingenj\u00f6rsbyr\u00e5 AB.\u00a0<\/p><p>Kravet p\u00e5 OVK finns sedan 1991 och Lamda ingenj\u00f6rsbyr\u00e5 AB innehar sedan dess Cerifikat Klass K. Certifikat Klass K inneb\u00e4r att Lamda ingenj\u00f6rsbyr\u00e5 AB f\u00e5r utf\u00f6ra besiktningar p\u00e5 alla typer av fastigheter.<\/p><p>Det b\u00f6r finnas OVK-protokoll f\u00f6r byggnaden, hos kommunens byggnadsn\u00e4mnd, fr\u00e5n regelbundna kontroller. Skulle du sakna det p\u00e5 din anl\u00e4ggning kan vi hj\u00e4lpa dig att ta fram nya dokument.<\/p>\t\t\t\t\t\t\t\t<\/div>\n\t\t\t\t<\/div>\n\t\t\t\t<div class=\"elementor-element elementor-element-90c91d2 elementor-widget elementor-widget-heading\" data-id=\"90c91d2\" data-element_type=\"widget\" data-widget_type=\"heading.default\">\n\t\t\t\t<div class=\"elementor-widget-container\">\n\t\t\t\t\t<h2 class=\"elementor-heading-title elementor-size-default\">OVK ska g\u00f6ras regelbundet<\/h2>\t\t\t\t<\/div>\n\t\t\t\t<\/div>\n\t\t\t\t<div class=\"elementor-element elementor-element-c8f97f7 elementor-widget__width-initial elementor-widget elementor-widget-text-editor\" data-id=\"c8f97f7\" data-element_type=\"widget\" data-widget_type=\"text-editor.default\">\n\t\t\t\t<div class=\"elementor-widget-container\">\n\t\t\t\t\t\t\t\t\t<p>OVK ska g\u00f6ras innan ett ventilationssystem tas i bruk f\u00f6r f\u00f6rsta g\u00e5ngen (f\u00f6rsta besiktning). F\u00f6r de flesta byggnader ska OVK sedan g\u00f6ras regelbundet, var 3 eller 6 \u00e5r (\u00e5terkommande besiktning). Se v\u00e5r tabell med intervaller f\u00f6r olika kategorier av byggnader.<\/p><table width=\"471\"><tbody><tr><td><p>Byggnader och typ av ventilationssystem<\/p><\/td><td><p>Intervall<\/p><\/td><\/tr><tr><td><p>F\u00f6rskolor, skolor, v\u00e5rdlokaler och andra liknande byggnader. Oavsett typ av ventilationssystem.<\/p><\/td><td><p>3 \u00e5r<\/p><\/td><\/tr><tr><td><p>Flerbostadshus, kontorsbyggnader samt personalutrymmen och kontor i industribyggnader och liknande. FT-, FTX-ventilation<\/p><\/td><td><p>3 \u00e5r<\/p><\/td><\/tr><tr><td><p>Flerbostadshus, kontorsbyggnader samt personalutrymmen och kontor i industribyggnader och liknande. S-, F-, FX-ventilation<\/p><\/td><td><p>6 \u00e5r<\/p><\/td><\/tr><tr><td><p>En- och tv\u00e5bostadshus med FX-, FTX-ventilation.<\/p><\/td><td><p>Endast en f\u00f6rsta installationsbesiktning innan systemet tas i bruk. Ingen \u00e5terkommande besiktning.<\/p><\/td><\/tr><\/tbody><\/table>\t\t\t\t\t\t\t\t<\/div>\n\t\t\t\t<\/div>\n\t\t\t\t<div class=\"elementor-element elementor-element-ef270d1 elementor-widget__width-initial elementor-widget elementor-widget-text-editor\" data-id=\"ef270d1\" data-element_type=\"widget\" data-widget_type=\"text-editor.default\">\n\t\t\t\t<div class=\"elementor-widget-container\">\n\t\t\t\t\t\t\t\t\t<p><strong>S-ventilation<\/strong>\u00a0= sj\u00e4lvdragsventilation.<br \/><strong>F-ventilaton<\/strong>\u00a0= fl\u00e4ktventilation d\u00e4r fr\u00e5nluftsfl\u00f6dena \u00e4r fl\u00e4ktstyrda.<br \/><strong>FT-ventilation<\/strong>\u00a0= fl\u00e4ktventilation d\u00e4r b\u00e5de fr\u00e5nluft- och tilluftsfl\u00f6dena \u00e4r fl\u00e4ktstyrda.<br \/><strong>FX-ventilation<\/strong>\u00a0= F-ventilation med v\u00e4rme\u00e5tervinning.<br \/><strong>FTX-ventilation<\/strong>\u00a0= FT- ventilation med v\u00e4rme\u00e5tervinning.<\/p>\t\t\t\t\t\t\t\t<\/div>\n\t\t\t\t<\/div>\n\t\t\t\t<\/div>\n\t\t\t\t<\/div>\n\t\t<div class=\"elementor-element elementor-element-3edfcfb e-con-full e-flex e-con e-child\" data-id=\"3edfcfb\" data-element_type=\"container\">\n\t\t\t\t<div class=\"elementor-element elementor-element-9009940 elementor-widget elementor-widget-image\" data-id=\"9009940\" data-element_type=\"widget\" data-widget_type=\"image.default\">\n\t\t\t\t<div class=\"elementor-widget-container\">\n\t\t\t\t\t\t\t\t\t\t\t\t\t\t\t<img fetchpriority=\"high\" decoding=\"async\" width=\"800\" height=\"286\" src=\"https:\/\/lamdaab.se\/wp-content\/uploads\/2024\/09\/OVK-besiktning.jpg\" class=\"attachment-large size-large wp-image-203\" alt=\"\" srcset=\"https:\/\/lamdaab.se\/wp-content\/uploads\/2024\/09\/OVK-besiktning.jpg 800w, https:\/\/lamdaab.se\/wp-content\/uploads\/2024\/09\/OVK-besiktning-300x107.jpg 300w, https:\/\/lamdaab.se\/wp-content\/uploads\/2024\/09\/OVK-besiktning-768x275.jpg 768w\" sizes=\"(max-width: 800px) 100vw, 800px\" \/>\t\t\t\t\t\t\t\t\t\t\t\t\t\t\t<\/div>\n\t\t\t\t<\/div>\n\t\t\t\t<div class=\"elementor-element elementor-element-0959dc6 elementor-widget elementor-widget-heading\" data-id=\"0959dc6\" data-element_type=\"widget\" data-widget_type=\"heading.default\">\n\t\t\t\t<div class=\"elementor-widget-container\">\n\t\t\t\t\t<h2 class=\"elementor-heading-title elementor-size-default\">Hur ska funktionskontrollen g\u00f6ras?<\/h2>\t\t\t\t<\/div>\n\t\t\t\t<\/div>\n\t\t\t\t<div class=\"elementor-element elementor-element-b6f1732 elementor-widget__width-initial elementor-widget elementor-widget-text-editor\" data-id=\"b6f1732\" data-element_type=\"widget\" data-widget_type=\"text-editor.default\">\n\t\t\t\t<div class=\"elementor-widget-container\">\n\t\t\t\t\t\t\t\t\t<p><strong>Vid varje OVK<\/strong>\u00a0kontrollerar vi att:<\/p><p>ventilationssystemet inte inneh\u00e5ller f\u00f6roreningar som kan spridas i byggnaden.<\/p><ul><li>instruktioner och sk\u00f6tselanvisningar finns l\u00e4tt tillg\u00e4ngliga.<\/li><li>ventilationssystemet i \u00f6vrigt fungerar p\u00e5 det s\u00e4tt som \u00e4r avsett.<\/li><\/ul><p>\u00a0<\/p><p><strong>Vid den f\u00f6rsta<\/strong>\u00a0<strong>besiktningen<\/strong>\u00a0ska det dessutom kontrolleras att<\/p><ul><li>funktionen och egenskaperna hos ventilationssystemet st\u00e4mmer \u00f6verens med g\u00e4llande f\u00f6reskrifter.<\/li><\/ul><p><strong>Vid \u00e5terkommande besiktningar<\/strong>\u00a0kontrollerar vi<\/p><ul><li>funktionen och egenskaperna hos ventilationssystemet i huvudsak \u00f6verensst\u00e4mmer med de f\u00f6reskrifter som g\u00e4llde n\u00e4r systemet togs i bruk.<\/li><li>vilka \u00e5tg\u00e4rder som kan vidtas f\u00f6r att f\u00f6rb\u00e4ttra energihush\u00e5llningen i ventilationssystemet och som inte medf\u00f6r ett f\u00f6rs\u00e4mrat inomhusklimat.<\/li><\/ul><p>Det \u00e4r byggnadens \u00e4gare som sedan f\u00e5r avg\u00f6ra om f\u00f6rslagen till energieffektiviserande \u00e5tg\u00e4rder ska genomf\u00f6ras.<\/p>\t\t\t\t\t\t\t\t<\/div>\n\t\t\t\t<\/div>\n\t\t\t\t<\/div>\n\t\t\t\t\t<\/div>\n\t\t\t\t<\/div>\n\t\t\t\t<\/div>\n\t\t","protected":false},"excerpt":{"rendered":"<p>Besiktning V\u00e5ra tj\u00e4nster Projektering Besiktning Entreprenadbesiktning Utbildningar Kalkylering Referensprojekt L\u00e4s mer om v\u00e5ra tj\u00e4nster och vad det anv\u00e4nds till bland v\u00e5ra referenser. REFERENSPROJEKT BESIKTNINGAR Vi utf\u00f6r besiktningar f\u00f6re, under och efter byggprocesser i fastigheter.\u00a0 OVK\u2013 Obligatorisk Ventilations Kontroll OVK, obligatorisk ventilationskontroll, ska g\u00f6ras regelbundet, i de flesta byggnader. Syftet \u00e4r att visa att inomhusklimatet \u00e4r [&hellip;]<\/p>\n","protected":false},"author":1,"featured_media":0,"parent":0,"menu_order":0,"comment_status":"closed","ping_status":"closed","template":"elementor_header_footer","meta":{"footnotes":""},"class_list":["post-198","page","type-page","status-publish","hentry"],"_links":{"self":[{"href":"https:\/\/lamdaab.se\/index.php?rest_route=\/wp\/v2\/pages\/198","targetHints":{"allow":["GET"]}}],"collection":[{"href":"https:\/\/lamdaab.se\/index.php?rest_route=\/wp\/v2\/pages"}],"about":[{"href":"https:\/\/lamdaab.se\/index.php?rest_route=\/wp\/v2\/types\/page"}],"author":[{"embeddable":true,"href":"https:\/\/lamdaab.se\/index.php?rest_route=\/wp\/v2\/users\/1"}],"replies":[{"embeddable":true,"href":"https:\/\/lamdaab.se\/index.php?rest_route=%2Fwp%2Fv2%2Fcomments&post=198"}],"version-history":[{"count":19,"href":"https:\/\/lamdaab.se\/index.php?rest_route=\/wp\/v2\/pages\/198\/revisions"}],"predecessor-version":[{"id":364,"href":"https:\/\/lamdaab.se\/index.php?rest_route=\/wp\/v2\/pages\/198\/revisions\/364"}],"wp:attachment":[{"href":"https:\/\/lamdaab.se\/index.php?rest_route=%2Fwp%2Fv2%2Fmedia&parent=198"}],"curies":[{"name":"wp","href":"https:\/\/api.w.org\/{rel}","templated":true}]}}