{"id":210,"date":"2024-09-29T16:00:24","date_gmt":"2024-09-29T16:00:24","guid":{"rendered":"https:\/\/lamda.hemsida.eu\/?page_id=210"},"modified":"2024-09-29T21:41:51","modified_gmt":"2024-09-29T21:41:51","slug":"entreprenadbesiktning","status":"publish","type":"page","link":"https:\/\/lamdaab.se\/?page_id=210","title":{"rendered":"Entreprenadbesiktning"},"content":{"rendered":"\t\t<div data-elementor-type=\"wp-post\" data-elementor-id=\"210\" class=\"elementor elementor-210\" data-elementor-post-type=\"page\">\n\t\t\t\t<div class=\"elementor-element elementor-element-89c729c e-flex e-con-boxed e-con e-parent\" data-id=\"89c729c\" data-element_type=\"container\" data-settings=\"{&quot;background_background&quot;:&quot;classic&quot;}\">\n\t\t\t\t\t<div class=\"e-con-inner\">\n\t\t\t\t<div class=\"elementor-element elementor-element-1b00e61 elementor-widget elementor-widget-heading\" data-id=\"1b00e61\" data-element_type=\"widget\" data-widget_type=\"heading.default\">\n\t\t\t\t<div class=\"elementor-widget-container\">\n\t\t\t\t\t<h2 class=\"elementor-heading-title elementor-size-default\">Entreprenadbesiktning<\/h2>\t\t\t\t<\/div>\n\t\t\t\t<\/div>\n\t\t\t\t\t<\/div>\n\t\t\t\t<\/div>\n\t\t<div class=\"elementor-element elementor-element-9cf9343 e-flex e-con-boxed e-con e-parent\" data-id=\"9cf9343\" data-element_type=\"container\">\n\t\t\t\t\t<div class=\"e-con-inner\">\n\t\t<div class=\"elementor-element elementor-element-634ae85 e-con-full elementor-hidden-tablet elementor-hidden-mobile e-flex e-con e-child\" data-id=\"634ae85\" data-element_type=\"container\">\n\t\t\t\t<div class=\"elementor-element elementor-element-f263fe0 elementor-widget elementor-widget-heading\" data-id=\"f263fe0\" data-element_type=\"widget\" data-widget_type=\"heading.default\">\n\t\t\t\t<div class=\"elementor-widget-container\">\n\t\t\t\t\t<h2 class=\"elementor-heading-title elementor-size-default\">V\u00e5ra tj\u00e4nster<\/h2>\t\t\t\t<\/div>\n\t\t\t\t<\/div>\n\t\t\t\t<div class=\"elementor-element elementor-element-f935973 elementor-widget-divider--view-line elementor-widget elementor-widget-divider\" data-id=\"f935973\" data-element_type=\"widget\" data-widget_type=\"divider.default\">\n\t\t\t\t<div class=\"elementor-widget-container\">\n\t\t\t\t\t\t\t<div class=\"elementor-divider\">\n\t\t\t<span class=\"elementor-divider-separator\">\n\t\t\t\t\t\t<\/span>\n\t\t<\/div>\n\t\t\t\t\t\t<\/div>\n\t\t\t\t<\/div>\n\t\t\t\t<div class=\"elementor-element elementor-element-1c0ca1f elementor-widget-divider--view-line elementor-widget elementor-widget-divider\" data-id=\"1c0ca1f\" data-element_type=\"widget\" data-widget_type=\"divider.default\">\n\t\t\t\t<div class=\"elementor-widget-container\">\n\t\t\t\t\t\t\t<div class=\"elementor-divider\">\n\t\t\t<span class=\"elementor-divider-separator\">\n\t\t\t\t\t\t<\/span>\n\t\t<\/div>\n\t\t\t\t\t\t<\/div>\n\t\t\t\t<\/div>\n\t\t\t\t<div class=\"elementor-element elementor-element-a35750e elementor-widget elementor-widget-heading\" data-id=\"a35750e\" data-element_type=\"widget\" data-widget_type=\"heading.default\">\n\t\t\t\t<div class=\"elementor-widget-container\">\n\t\t\t\t\t<h2 class=\"elementor-heading-title elementor-size-default\"><a href=\"https:\/\/lamdaab.se\/?page_id=40\">Projektering<\/a><\/h2>\t\t\t\t<\/div>\n\t\t\t\t<\/div>\n\t\t\t\t<div class=\"elementor-element elementor-element-19227aa elementor-widget elementor-widget-heading\" data-id=\"19227aa\" data-element_type=\"widget\" data-widget_type=\"heading.default\">\n\t\t\t\t<div class=\"elementor-widget-container\">\n\t\t\t\t\t<h2 class=\"elementor-heading-title elementor-size-default\"><a href=\"https:\/\/lamdaab.se\/?page_id=40\">Besiktning<\/a><\/h2>\t\t\t\t<\/div>\n\t\t\t\t<\/div>\n\t\t\t\t<div class=\"elementor-element elementor-element-88d33db elementor-widget elementor-widget-heading\" data-id=\"88d33db\" data-element_type=\"widget\" data-widget_type=\"heading.default\">\n\t\t\t\t<div class=\"elementor-widget-container\">\n\t\t\t\t\t<h2 class=\"elementor-heading-title elementor-size-default\"><a href=\"https:\/\/lamdaab.se\/?page_id=40\">Entreprenadbesiktning<\/a><\/h2>\t\t\t\t<\/div>\n\t\t\t\t<\/div>\n\t\t\t\t<div class=\"elementor-element elementor-element-32d3fd0 elementor-widget elementor-widget-heading\" data-id=\"32d3fd0\" data-element_type=\"widget\" data-widget_type=\"heading.default\">\n\t\t\t\t<div class=\"elementor-widget-container\">\n\t\t\t\t\t<h2 class=\"elementor-heading-title elementor-size-default\"><a href=\"https:\/\/lamdaab.se\/?page_id=40\">Utbildningar<\/a><\/h2>\t\t\t\t<\/div>\n\t\t\t\t<\/div>\n\t\t\t\t<div class=\"elementor-element elementor-element-c4fd2d8 elementor-widget elementor-widget-heading\" data-id=\"c4fd2d8\" data-element_type=\"widget\" data-widget_type=\"heading.default\">\n\t\t\t\t<div class=\"elementor-widget-container\">\n\t\t\t\t\t<h2 class=\"elementor-heading-title elementor-size-default\"><a href=\"https:\/\/lamdaab.se\/?page_id=40\">Kalkylering<\/a><\/h2>\t\t\t\t<\/div>\n\t\t\t\t<\/div>\n\t\t\t\t<div class=\"elementor-element elementor-element-e7fe5ae elementor-widget elementor-widget-heading\" data-id=\"e7fe5ae\" data-element_type=\"widget\" data-widget_type=\"heading.default\">\n\t\t\t\t<div class=\"elementor-widget-container\">\n\t\t\t\t\t<h2 class=\"elementor-heading-title elementor-size-default\">Referensprojekt<\/h2>\t\t\t\t<\/div>\n\t\t\t\t<\/div>\n\t\t\t\t<div class=\"elementor-element elementor-element-1bd0422 elementor-widget-divider--view-line elementor-widget elementor-widget-divider\" data-id=\"1bd0422\" data-element_type=\"widget\" data-widget_type=\"divider.default\">\n\t\t\t\t<div class=\"elementor-widget-container\">\n\t\t\t\t\t\t\t<div class=\"elementor-divider\">\n\t\t\t<span class=\"elementor-divider-separator\">\n\t\t\t\t\t\t<\/span>\n\t\t<\/div>\n\t\t\t\t\t\t<\/div>\n\t\t\t\t<\/div>\n\t\t\t\t<div class=\"elementor-element elementor-element-c6aed40 elementor-widget-divider--view-line elementor-widget elementor-widget-divider\" data-id=\"c6aed40\" data-element_type=\"widget\" data-widget_type=\"divider.default\">\n\t\t\t\t<div class=\"elementor-widget-container\">\n\t\t\t\t\t\t\t<div class=\"elementor-divider\">\n\t\t\t<span class=\"elementor-divider-separator\">\n\t\t\t\t\t\t<\/span>\n\t\t<\/div>\n\t\t\t\t\t\t<\/div>\n\t\t\t\t<\/div>\n\t\t\t\t<div class=\"elementor-element elementor-element-6928d10 elementor-widget elementor-widget-text-editor\" data-id=\"6928d10\" data-element_type=\"widget\" data-widget_type=\"text-editor.default\">\n\t\t\t\t<div class=\"elementor-widget-container\">\n\t\t\t\t\t\t\t\t\t<p>L\u00e4s mer om v\u00e5ra tj\u00e4nster och vad det anv\u00e4nds till bland v\u00e5ra referenser.<\/p>\t\t\t\t\t\t\t\t<\/div>\n\t\t\t\t<\/div>\n\t\t\t\t<div class=\"elementor-element elementor-element-f18b4fb elementor-widget elementor-widget-button\" data-id=\"f18b4fb\" data-element_type=\"widget\" data-widget_type=\"button.default\">\n\t\t\t\t<div class=\"elementor-widget-container\">\n\t\t\t\t\t\t\t\t\t<div class=\"elementor-button-wrapper\">\n\t\t\t\t\t<a class=\"elementor-button elementor-button-link elementor-size-sm\" href=\"#\">\n\t\t\t\t\t\t<span class=\"elementor-button-content-wrapper\">\n\t\t\t\t\t\t\t\t\t<span class=\"elementor-button-text\">REFERENSPROJEKT<\/span>\n\t\t\t\t\t<\/span>\n\t\t\t\t\t<\/a>\n\t\t\t\t<\/div>\n\t\t\t\t\t\t\t\t<\/div>\n\t\t\t\t<\/div>\n\t\t\t\t<\/div>\n\t\t<div class=\"elementor-element elementor-element-bc49648 e-con-full e-flex e-con e-child\" data-id=\"bc49648\" data-element_type=\"container\">\n\t\t<div class=\"elementor-element elementor-element-565947f e-con-full e-flex e-con e-child\" data-id=\"565947f\" data-element_type=\"container\">\n\t\t\t\t<div class=\"elementor-element elementor-element-9ecd812 elementor-widget__width-initial elementor-widget elementor-widget-text-editor\" data-id=\"9ecd812\" data-element_type=\"widget\" data-widget_type=\"text-editor.default\">\n\t\t\t\t<div class=\"elementor-widget-container\">\n\t\t\t\t\t\t\t\t\t<p><strong>Entreprenadbesiktning avser fr\u00e4mst projekt f\u00f6r bygg-, bostads- eller fastighetsf\u00f6retag eller andra best\u00e4llare.<\/strong><\/p>\t\t\t\t\t\t\t\t<\/div>\n\t\t\t\t<\/div>\n\t\t\t\t<div class=\"elementor-element elementor-element-27523a9 elementor-widget__width-initial elementor-widget elementor-widget-text-editor\" data-id=\"27523a9\" data-element_type=\"widget\" data-widget_type=\"text-editor.default\">\n\t\t\t\t<div class=\"elementor-widget-container\">\n\t\t\t\t\t\t\t\t\t<p>De \u201dAllm\u00e4nna Best\u00e4mmelser\u201d som ligger till grund f\u00f6r n\u00e4stan alla byggnads-, anl\u00e4ggnings- och installationsentreprenader stadgar att best\u00e4llarens mottagningskontroll till v\u00e4sentlig del sker genom besiktning. Till besiktningsman skall i normalfallet best\u00e4llaren utse en d\u00e4rtill l\u00e4mpad person. Besiktningsmannens uppgift \u00e4r att p\u00e5 objektiva grunder unders\u00f6ka och bed\u00f6ma kontraktsenligheten i entreprenaden eller del d\u00e4rav. Besiktningsmannen har d\u00e4rmed ett stort ansvar som kr\u00e4ver s\u00e5v\u00e4l teknisk och juridisk kompetens, erfarenhet och omd\u00f6me.<\/p>\t\t\t\t\t\t\t\t<\/div>\n\t\t\t\t<\/div>\n\t\t\t\t<div class=\"elementor-element elementor-element-90c91d2 elementor-widget elementor-widget-heading\" data-id=\"90c91d2\" data-element_type=\"widget\" data-widget_type=\"heading.default\">\n\t\t\t\t<div class=\"elementor-widget-container\">\n\t\t\t\t\t<h2 class=\"elementor-heading-title elementor-size-default\">Kontroll av VVS<\/h2>\t\t\t\t<\/div>\n\t\t\t\t<\/div>\n\t\t\t\t<div class=\"elementor-element elementor-element-ef270d1 elementor-widget__width-initial elementor-widget elementor-widget-text-editor\" data-id=\"ef270d1\" data-element_type=\"widget\" data-widget_type=\"text-editor.default\">\n\t\t\t\t<div class=\"elementor-widget-container\">\n\t\t\t\t\t\t\t\t\t<p>Byggnadsn\u00e4mndernas inspektion och kontroll p\u00e5 arbetsplatsen f\u00f6rsvann p.g.a. effektiviseringar inom kommunerna i mitten p\u00e5 90\u00adtalet. Kontrollen best\u00e5r idag ist\u00e4llet av s.k. egenkontroller som utf\u00f6rs av entrepren\u00f6ren sj\u00e4lv. Egenkontrollerna \u00e4r inarbetade i respektive entrepren\u00f6rs kvalitetssystem.<\/p><p>Som best\u00e4llarens f\u00f6rl\u00e4ngda arm p\u00e5 arbetsplatsen hj\u00e4lper vi till med kontroller p\u00e5 plats. Vi bevakar d\u00e5 att handlingar f\u00f6ljs och att utf\u00f6randet f\u00e5r r\u00e4tt kvalit\u00e9. Kontrollerna omfattar \u00e4ven att av entrepren\u00f6ren valda produkter har r\u00e4tt data ur energi\u00ad och milj\u00f6synpunkt. Kontrollerna sker i gott samarbete med best\u00e4llare och entrepren\u00f6r och ses ofta som en win \u00ad win situation. Kontrollerna bidrar ofta till mindre anm\u00e4rkningar vid besiktningstillf\u00e4llet och anl\u00e4ggningen kan fortare tas \u00ed bruk.<\/p><p>Inom dessa uppdrag utf\u00f6r vi ocks\u00e5 ekonomisk granskning av till\u00e4ggs\u00ad och \u00e4ndringsarbeten. Vi granskar \u00e4ven olika typer av provningar t.ex. t\u00e4thetsprovning, provtryckning, filmningar etc.<\/p>\t\t\t\t\t\t\t\t<\/div>\n\t\t\t\t<\/div>\n\t\t\t\t<\/div>\n\t\t\t\t<\/div>\n\t\t<div class=\"elementor-element elementor-element-3edfcfb e-con-full e-flex e-con e-child\" data-id=\"3edfcfb\" data-element_type=\"container\">\n\t\t\t\t<div class=\"elementor-element elementor-element-9009940 elementor-widget elementor-widget-image\" data-id=\"9009940\" data-element_type=\"widget\" data-widget_type=\"image.default\">\n\t\t\t\t<div class=\"elementor-widget-container\">\n\t\t\t\t\t\t\t\t\t\t\t\t\t\t\t<img fetchpriority=\"high\" decoding=\"async\" width=\"520\" height=\"300\" src=\"https:\/\/lamdaab.se\/wp-content\/uploads\/2024\/09\/entreprenad-520-2.jpg\" class=\"attachment-large size-large wp-image-170\" alt=\"\" srcset=\"https:\/\/lamdaab.se\/wp-content\/uploads\/2024\/09\/entreprenad-520-2.jpg 520w, https:\/\/lamdaab.se\/wp-content\/uploads\/2024\/09\/entreprenad-520-2-300x173.jpg 300w\" sizes=\"(max-width: 520px) 100vw, 520px\" \/>\t\t\t\t\t\t\t\t\t\t\t\t\t\t\t<\/div>\n\t\t\t\t<\/div>\n\t\t\t\t<\/div>\n\t\t\t\t\t<\/div>\n\t\t\t\t<\/div>\n\t\t\t\t<\/div>\n\t\t","protected":false},"excerpt":{"rendered":"<p>Entreprenadbesiktning V\u00e5ra tj\u00e4nster Projektering Besiktning Entreprenadbesiktning Utbildningar Kalkylering Referensprojekt L\u00e4s mer om v\u00e5ra tj\u00e4nster och vad det anv\u00e4nds till bland v\u00e5ra referenser. REFERENSPROJEKT Entreprenadbesiktning avser fr\u00e4mst projekt f\u00f6r bygg-, bostads- eller fastighetsf\u00f6retag eller andra best\u00e4llare. De \u201dAllm\u00e4nna Best\u00e4mmelser\u201d som ligger till grund f\u00f6r n\u00e4stan alla byggnads-, anl\u00e4ggnings- och installationsentreprenader stadgar att best\u00e4llarens mottagningskontroll till v\u00e4sentlig [&hellip;]<\/p>\n","protected":false},"author":1,"featured_media":0,"parent":0,"menu_order":0,"comment_status":"closed","ping_status":"closed","template":"elementor_header_footer","meta":{"footnotes":""},"class_list":["post-210","page","type-page","status-publish","hentry"],"_links":{"self":[{"href":"https:\/\/lamdaab.se\/index.php?rest_route=\/wp\/v2\/pages\/210","targetHints":{"allow":["GET"]}}],"collection":[{"href":"https:\/\/lamdaab.se\/index.php?rest_route=\/wp\/v2\/pages"}],"about":[{"href":"https:\/\/lamdaab.se\/index.php?rest_route=\/wp\/v2\/types\/page"}],"author":[{"embeddable":true,"href":"https:\/\/lamdaab.se\/index.php?rest_route=\/wp\/v2\/users\/1"}],"replies":[{"embeddable":true,"href":"https:\/\/lamdaab.se\/index.php?rest_route=%2Fwp%2Fv2%2Fcomments&post=210"}],"version-history":[{"count":13,"href":"https:\/\/lamdaab.se\/index.php?rest_route=\/wp\/v2\/pages\/210\/revisions"}],"predecessor-version":[{"id":340,"href":"https:\/\/lamdaab.se\/index.php?rest_route=\/wp\/v2\/pages\/210\/revisions\/340"}],"wp:attachment":[{"href":"https:\/\/lamdaab.se\/index.php?rest_route=%2Fwp%2Fv2%2Fmedia&parent=210"}],"curies":[{"name":"wp","href":"https:\/\/api.w.org\/{rel}","templated":true}]}}