{"id":221,"date":"2024-09-29T16:07:03","date_gmt":"2024-09-29T16:07:03","guid":{"rendered":"https:\/\/lamda.hemsida.eu\/?page_id=221"},"modified":"2024-09-29T21:43:20","modified_gmt":"2024-09-29T21:43:20","slug":"utbildningar","status":"publish","type":"page","link":"https:\/\/lamdaab.se\/?page_id=221","title":{"rendered":"Utbildningar"},"content":{"rendered":"\t\t<div data-elementor-type=\"wp-post\" data-elementor-id=\"221\" class=\"elementor elementor-221\" data-elementor-post-type=\"page\">\n\t\t\t\t<div class=\"elementor-element elementor-element-89c729c e-flex e-con-boxed e-con e-parent\" data-id=\"89c729c\" data-element_type=\"container\" data-settings=\"{&quot;background_background&quot;:&quot;classic&quot;}\">\n\t\t\t\t\t<div class=\"e-con-inner\">\n\t\t\t\t<div class=\"elementor-element elementor-element-1b00e61 elementor-widget elementor-widget-heading\" data-id=\"1b00e61\" data-element_type=\"widget\" data-widget_type=\"heading.default\">\n\t\t\t\t<div class=\"elementor-widget-container\">\n\t\t\t\t\t<h2 class=\"elementor-heading-title elementor-size-default\">Utbildningar<\/h2>\t\t\t\t<\/div>\n\t\t\t\t<\/div>\n\t\t\t\t\t<\/div>\n\t\t\t\t<\/div>\n\t\t<div class=\"elementor-element elementor-element-9cf9343 e-flex e-con-boxed e-con e-parent\" data-id=\"9cf9343\" data-element_type=\"container\">\n\t\t\t\t\t<div class=\"e-con-inner\">\n\t\t<div class=\"elementor-element elementor-element-634ae85 e-con-full elementor-hidden-tablet elementor-hidden-mobile e-flex e-con e-child\" data-id=\"634ae85\" data-element_type=\"container\">\n\t\t\t\t<div class=\"elementor-element elementor-element-f263fe0 elementor-widget elementor-widget-heading\" data-id=\"f263fe0\" data-element_type=\"widget\" data-widget_type=\"heading.default\">\n\t\t\t\t<div class=\"elementor-widget-container\">\n\t\t\t\t\t<h2 class=\"elementor-heading-title elementor-size-default\">V\u00e5ra tj\u00e4nster<\/h2>\t\t\t\t<\/div>\n\t\t\t\t<\/div>\n\t\t\t\t<div class=\"elementor-element elementor-element-f935973 elementor-widget-divider--view-line elementor-widget elementor-widget-divider\" data-id=\"f935973\" data-element_type=\"widget\" data-widget_type=\"divider.default\">\n\t\t\t\t<div class=\"elementor-widget-container\">\n\t\t\t\t\t\t\t<div class=\"elementor-divider\">\n\t\t\t<span class=\"elementor-divider-separator\">\n\t\t\t\t\t\t<\/span>\n\t\t<\/div>\n\t\t\t\t\t\t<\/div>\n\t\t\t\t<\/div>\n\t\t\t\t<div class=\"elementor-element elementor-element-1c0ca1f elementor-widget-divider--view-line elementor-widget elementor-widget-divider\" data-id=\"1c0ca1f\" data-element_type=\"widget\" data-widget_type=\"divider.default\">\n\t\t\t\t<div class=\"elementor-widget-container\">\n\t\t\t\t\t\t\t<div class=\"elementor-divider\">\n\t\t\t<span class=\"elementor-divider-separator\">\n\t\t\t\t\t\t<\/span>\n\t\t<\/div>\n\t\t\t\t\t\t<\/div>\n\t\t\t\t<\/div>\n\t\t\t\t<div class=\"elementor-element elementor-element-a35750e elementor-widget elementor-widget-heading\" data-id=\"a35750e\" data-element_type=\"widget\" data-widget_type=\"heading.default\">\n\t\t\t\t<div class=\"elementor-widget-container\">\n\t\t\t\t\t<h2 class=\"elementor-heading-title elementor-size-default\"><a href=\"https:\/\/lamdaab.se\/?page_id=183\">Projektering<\/a><\/h2>\t\t\t\t<\/div>\n\t\t\t\t<\/div>\n\t\t\t\t<div class=\"elementor-element elementor-element-19227aa elementor-widget elementor-widget-heading\" data-id=\"19227aa\" data-element_type=\"widget\" data-widget_type=\"heading.default\">\n\t\t\t\t<div class=\"elementor-widget-container\">\n\t\t\t\t\t<h2 class=\"elementor-heading-title elementor-size-default\"><a href=\"https:\/\/lamdaab.se\/?page_id=198\">Besiktning<\/a><\/h2>\t\t\t\t<\/div>\n\t\t\t\t<\/div>\n\t\t\t\t<div class=\"elementor-element elementor-element-88d33db elementor-widget elementor-widget-heading\" data-id=\"88d33db\" data-element_type=\"widget\" data-widget_type=\"heading.default\">\n\t\t\t\t<div class=\"elementor-widget-container\">\n\t\t\t\t\t<h2 class=\"elementor-heading-title elementor-size-default\"><a href=\"https:\/\/lamdaab.se\/?page_id=210\">Entreprenadbesiktning<\/a><\/h2>\t\t\t\t<\/div>\n\t\t\t\t<\/div>\n\t\t\t\t<div class=\"elementor-element elementor-element-32d3fd0 elementor-widget elementor-widget-heading\" data-id=\"32d3fd0\" data-element_type=\"widget\" data-widget_type=\"heading.default\">\n\t\t\t\t<div class=\"elementor-widget-container\">\n\t\t\t\t\t<h2 class=\"elementor-heading-title elementor-size-default\"><a href=\"https:\/\/lamdaab.se\/?page_id=221\">Utbildningar<\/a><\/h2>\t\t\t\t<\/div>\n\t\t\t\t<\/div>\n\t\t\t\t<div class=\"elementor-element elementor-element-c4fd2d8 elementor-widget elementor-widget-heading\" data-id=\"c4fd2d8\" data-element_type=\"widget\" data-widget_type=\"heading.default\">\n\t\t\t\t<div class=\"elementor-widget-container\">\n\t\t\t\t\t<h2 class=\"elementor-heading-title elementor-size-default\"><a href=\"https:\/\/lamdaab.se\/?page_id=226\">Kalkylering<\/a><\/h2>\t\t\t\t<\/div>\n\t\t\t\t<\/div>\n\t\t\t\t<div class=\"elementor-element elementor-element-e7fe5ae elementor-widget elementor-widget-heading\" data-id=\"e7fe5ae\" data-element_type=\"widget\" data-widget_type=\"heading.default\">\n\t\t\t\t<div class=\"elementor-widget-container\">\n\t\t\t\t\t<h2 class=\"elementor-heading-title elementor-size-default\">Referensprojekt<\/h2>\t\t\t\t<\/div>\n\t\t\t\t<\/div>\n\t\t\t\t<div class=\"elementor-element elementor-element-1bd0422 elementor-widget-divider--view-line elementor-widget elementor-widget-divider\" data-id=\"1bd0422\" data-element_type=\"widget\" data-widget_type=\"divider.default\">\n\t\t\t\t<div class=\"elementor-widget-container\">\n\t\t\t\t\t\t\t<div class=\"elementor-divider\">\n\t\t\t<span class=\"elementor-divider-separator\">\n\t\t\t\t\t\t<\/span>\n\t\t<\/div>\n\t\t\t\t\t\t<\/div>\n\t\t\t\t<\/div>\n\t\t\t\t<div class=\"elementor-element elementor-element-c6aed40 elementor-widget-divider--view-line elementor-widget elementor-widget-divider\" data-id=\"c6aed40\" data-element_type=\"widget\" data-widget_type=\"divider.default\">\n\t\t\t\t<div class=\"elementor-widget-container\">\n\t\t\t\t\t\t\t<div class=\"elementor-divider\">\n\t\t\t<span class=\"elementor-divider-separator\">\n\t\t\t\t\t\t<\/span>\n\t\t<\/div>\n\t\t\t\t\t\t<\/div>\n\t\t\t\t<\/div>\n\t\t\t\t<div class=\"elementor-element elementor-element-6928d10 elementor-widget elementor-widget-text-editor\" data-id=\"6928d10\" data-element_type=\"widget\" data-widget_type=\"text-editor.default\">\n\t\t\t\t<div class=\"elementor-widget-container\">\n\t\t\t\t\t\t\t\t\t<p>L\u00e4s mer om v\u00e5ra tj\u00e4nster och vad det anv\u00e4nds till bland v\u00e5ra referenser.<\/p>\t\t\t\t\t\t\t\t<\/div>\n\t\t\t\t<\/div>\n\t\t\t\t<div class=\"elementor-element elementor-element-f18b4fb elementor-widget elementor-widget-button\" data-id=\"f18b4fb\" data-element_type=\"widget\" data-widget_type=\"button.default\">\n\t\t\t\t<div class=\"elementor-widget-container\">\n\t\t\t\t\t\t\t\t\t<div class=\"elementor-button-wrapper\">\n\t\t\t\t\t<a class=\"elementor-button elementor-button-link elementor-size-sm\" href=\"https:\/\/lamdaab.se\/?page_id=42\">\n\t\t\t\t\t\t<span class=\"elementor-button-content-wrapper\">\n\t\t\t\t\t\t\t\t\t<span class=\"elementor-button-text\">REFERENSPROJEKT<\/span>\n\t\t\t\t\t<\/span>\n\t\t\t\t\t<\/a>\n\t\t\t\t<\/div>\n\t\t\t\t\t\t\t\t<\/div>\n\t\t\t\t<\/div>\n\t\t\t\t<\/div>\n\t\t<div class=\"elementor-element elementor-element-bc49648 e-con-full e-flex e-con e-child\" data-id=\"bc49648\" data-element_type=\"container\">\n\t\t<div class=\"elementor-element elementor-element-565947f e-con-full e-flex e-con e-child\" data-id=\"565947f\" data-element_type=\"container\">\n\t\t\t\t<div class=\"elementor-element elementor-element-90c91d2 elementor-widget elementor-widget-heading\" data-id=\"90c91d2\" data-element_type=\"widget\" data-widget_type=\"heading.default\">\n\t\t\t\t<div class=\"elementor-widget-container\">\n\t\t\t\t\t<h2 class=\"elementor-heading-title elementor-size-default\">Utbildningar<\/h2>\t\t\t\t<\/div>\n\t\t\t\t<\/div>\n\t\t\t\t<div class=\"elementor-element elementor-element-ef270d1 elementor-widget__width-initial elementor-widget elementor-widget-text-editor\" data-id=\"ef270d1\" data-element_type=\"widget\" data-widget_type=\"text-editor.default\">\n\t\t\t\t<div class=\"elementor-widget-container\">\n\t\t\t\t\t\t\t\t\t<p>Vi erbjuder utbildningar inom kalkylering f\u00f6r VVS installationer samt att vi i samarbete med Wikells Byggber\u00e4kningar h\u00e5ller utbildningar i programmet Sektionsdata f\u00f6r dess anv\u00e4ndare.<\/p><p>Utbildningarna i sektionsdata h\u00e5lls p\u00e5 Wikells kontor i V\u00e4xj\u00f6 samt att vi h\u00e5ller kurser i Stockholm och G\u00f6teborg.<\/p>\t\t\t\t\t\t\t\t<\/div>\n\t\t\t\t<\/div>\n\t\t\t\t<\/div>\n\t\t\t\t<\/div>\n\t\t<div class=\"elementor-element elementor-element-3edfcfb e-con-full e-flex e-con e-child\" data-id=\"3edfcfb\" data-element_type=\"container\">\n\t\t\t\t<div class=\"elementor-element elementor-element-9009940 elementor-widget elementor-widget-image\" data-id=\"9009940\" data-element_type=\"widget\" data-widget_type=\"image.default\">\n\t\t\t\t<div class=\"elementor-widget-container\">\n\t\t\t\t\t\t\t\t\t\t\t\t\t\t\t<img fetchpriority=\"high\" decoding=\"async\" width=\"360\" height=\"240\" src=\"https:\/\/lamdaab.se\/wp-content\/uploads\/2024\/09\/Utbildning-360.jpg\" class=\"attachment-large size-large wp-image-174\" alt=\"\" srcset=\"https:\/\/lamdaab.se\/wp-content\/uploads\/2024\/09\/Utbildning-360.jpg 360w, https:\/\/lamdaab.se\/wp-content\/uploads\/2024\/09\/Utbildning-360-300x200.jpg 300w\" sizes=\"(max-width: 360px) 100vw, 360px\" \/>\t\t\t\t\t\t\t\t\t\t\t\t\t\t\t<\/div>\n\t\t\t\t<\/div>\n\t\t\t\t<\/div>\n\t\t\t\t\t<\/div>\n\t\t\t\t<\/div>\n\t\t\t\t<\/div>\n\t\t","protected":false},"excerpt":{"rendered":"<p>Utbildningar V\u00e5ra tj\u00e4nster Projektering Besiktning Entreprenadbesiktning Utbildningar Kalkylering Referensprojekt L\u00e4s mer om v\u00e5ra tj\u00e4nster och vad det anv\u00e4nds till bland v\u00e5ra referenser. REFERENSPROJEKT Utbildningar Vi erbjuder utbildningar inom kalkylering f\u00f6r VVS installationer samt att vi i samarbete med Wikells Byggber\u00e4kningar h\u00e5ller utbildningar i programmet Sektionsdata f\u00f6r dess anv\u00e4ndare. Utbildningarna i sektionsdata h\u00e5lls p\u00e5 Wikells kontor [&hellip;]<\/p>\n","protected":false},"author":1,"featured_media":0,"parent":0,"menu_order":0,"comment_status":"closed","ping_status":"closed","template":"elementor_header_footer","meta":{"footnotes":""},"class_list":["post-221","page","type-page","status-publish","hentry"],"_links":{"self":[{"href":"https:\/\/lamdaab.se\/index.php?rest_route=\/wp\/v2\/pages\/221","targetHints":{"allow":["GET"]}}],"collection":[{"href":"https:\/\/lamdaab.se\/index.php?rest_route=\/wp\/v2\/pages"}],"about":[{"href":"https:\/\/lamdaab.se\/index.php?rest_route=\/wp\/v2\/types\/page"}],"author":[{"embeddable":true,"href":"https:\/\/lamdaab.se\/index.php?rest_route=\/wp\/v2\/users\/1"}],"replies":[{"embeddable":true,"href":"https:\/\/lamdaab.se\/index.php?rest_route=%2Fwp%2Fv2%2Fcomments&post=221"}],"version-history":[{"count":7,"href":"https:\/\/lamdaab.se\/index.php?rest_route=\/wp\/v2\/pages\/221\/revisions"}],"predecessor-version":[{"id":343,"href":"https:\/\/lamdaab.se\/index.php?rest_route=\/wp\/v2\/pages\/221\/revisions\/343"}],"wp:attachment":[{"href":"https:\/\/lamdaab.se\/index.php?rest_route=%2Fwp%2Fv2%2Fmedia&parent=221"}],"curies":[{"name":"wp","href":"https:\/\/api.w.org\/{rel}","templated":true}]}}