{"id":226,"date":"2024-09-29T16:09:31","date_gmt":"2024-09-29T16:09:31","guid":{"rendered":"https:\/\/lamda.hemsida.eu\/?page_id=226"},"modified":"2024-09-29T21:47:28","modified_gmt":"2024-09-29T21:47:28","slug":"kalkylering","status":"publish","type":"page","link":"https:\/\/lamdaab.se\/?page_id=226","title":{"rendered":"Kalkylering"},"content":{"rendered":"\t\t<div data-elementor-type=\"wp-post\" data-elementor-id=\"226\" class=\"elementor elementor-226\" data-elementor-post-type=\"page\">\n\t\t\t\t<div class=\"elementor-element elementor-element-89c729c e-flex e-con-boxed e-con e-parent\" data-id=\"89c729c\" data-element_type=\"container\" data-settings=\"{&quot;background_background&quot;:&quot;classic&quot;}\">\n\t\t\t\t\t<div class=\"e-con-inner\">\n\t\t\t\t<div class=\"elementor-element elementor-element-1b00e61 elementor-widget elementor-widget-heading\" data-id=\"1b00e61\" data-element_type=\"widget\" data-widget_type=\"heading.default\">\n\t\t\t\t<div class=\"elementor-widget-container\">\n\t\t\t\t\t<h2 class=\"elementor-heading-title elementor-size-default\">Kalkylering<\/h2>\t\t\t\t<\/div>\n\t\t\t\t<\/div>\n\t\t\t\t\t<\/div>\n\t\t\t\t<\/div>\n\t\t<div class=\"elementor-element elementor-element-9cf9343 e-flex e-con-boxed e-con e-parent\" data-id=\"9cf9343\" data-element_type=\"container\">\n\t\t\t\t\t<div class=\"e-con-inner\">\n\t\t<div class=\"elementor-element elementor-element-634ae85 e-con-full elementor-hidden-tablet elementor-hidden-mobile e-flex e-con e-child\" data-id=\"634ae85\" data-element_type=\"container\">\n\t\t\t\t<div class=\"elementor-element elementor-element-f263fe0 elementor-widget elementor-widget-heading\" data-id=\"f263fe0\" data-element_type=\"widget\" data-widget_type=\"heading.default\">\n\t\t\t\t<div class=\"elementor-widget-container\">\n\t\t\t\t\t<h2 class=\"elementor-heading-title elementor-size-default\">V\u00e5ra tj\u00e4nster<\/h2>\t\t\t\t<\/div>\n\t\t\t\t<\/div>\n\t\t\t\t<div class=\"elementor-element elementor-element-f935973 elementor-widget-divider--view-line elementor-widget elementor-widget-divider\" data-id=\"f935973\" data-element_type=\"widget\" data-widget_type=\"divider.default\">\n\t\t\t\t<div class=\"elementor-widget-container\">\n\t\t\t\t\t\t\t<div class=\"elementor-divider\">\n\t\t\t<span class=\"elementor-divider-separator\">\n\t\t\t\t\t\t<\/span>\n\t\t<\/div>\n\t\t\t\t\t\t<\/div>\n\t\t\t\t<\/div>\n\t\t\t\t<div class=\"elementor-element elementor-element-1c0ca1f elementor-widget-divider--view-line elementor-widget elementor-widget-divider\" data-id=\"1c0ca1f\" data-element_type=\"widget\" data-widget_type=\"divider.default\">\n\t\t\t\t<div class=\"elementor-widget-container\">\n\t\t\t\t\t\t\t<div class=\"elementor-divider\">\n\t\t\t<span class=\"elementor-divider-separator\">\n\t\t\t\t\t\t<\/span>\n\t\t<\/div>\n\t\t\t\t\t\t<\/div>\n\t\t\t\t<\/div>\n\t\t\t\t<div class=\"elementor-element elementor-element-a35750e elementor-widget elementor-widget-heading\" data-id=\"a35750e\" data-element_type=\"widget\" data-widget_type=\"heading.default\">\n\t\t\t\t<div class=\"elementor-widget-container\">\n\t\t\t\t\t<h2 class=\"elementor-heading-title elementor-size-default\"><a href=\"https:\/\/lamdaab.se\/?page_id=183\">Projektering<\/a><\/h2>\t\t\t\t<\/div>\n\t\t\t\t<\/div>\n\t\t\t\t<div class=\"elementor-element elementor-element-19227aa elementor-widget elementor-widget-heading\" data-id=\"19227aa\" data-element_type=\"widget\" data-widget_type=\"heading.default\">\n\t\t\t\t<div class=\"elementor-widget-container\">\n\t\t\t\t\t<h2 class=\"elementor-heading-title elementor-size-default\"><a href=\"https:\/\/lamdaab.se\/?page_id=198\">Besiktning<\/a><\/h2>\t\t\t\t<\/div>\n\t\t\t\t<\/div>\n\t\t\t\t<div class=\"elementor-element elementor-element-88d33db elementor-widget elementor-widget-heading\" data-id=\"88d33db\" data-element_type=\"widget\" data-widget_type=\"heading.default\">\n\t\t\t\t<div class=\"elementor-widget-container\">\n\t\t\t\t\t<h2 class=\"elementor-heading-title elementor-size-default\"><a href=\"https:\/\/lamdaab.se\/?page_id=210\">Entreprenadbesiktning<\/a><\/h2>\t\t\t\t<\/div>\n\t\t\t\t<\/div>\n\t\t\t\t<div class=\"elementor-element elementor-element-32d3fd0 elementor-widget elementor-widget-heading\" data-id=\"32d3fd0\" data-element_type=\"widget\" data-widget_type=\"heading.default\">\n\t\t\t\t<div class=\"elementor-widget-container\">\n\t\t\t\t\t<h2 class=\"elementor-heading-title elementor-size-default\"><a href=\"https:\/\/lamdaab.se\/?page_id=221\">Utbildningar<\/a><\/h2>\t\t\t\t<\/div>\n\t\t\t\t<\/div>\n\t\t\t\t<div class=\"elementor-element elementor-element-c4fd2d8 elementor-widget elementor-widget-heading\" data-id=\"c4fd2d8\" data-element_type=\"widget\" data-widget_type=\"heading.default\">\n\t\t\t\t<div class=\"elementor-widget-container\">\n\t\t\t\t\t<h2 class=\"elementor-heading-title elementor-size-default\"><a href=\"https:\/\/lamdaab.se\/?page_id=226\">Kalkylering<\/a><\/h2>\t\t\t\t<\/div>\n\t\t\t\t<\/div>\n\t\t\t\t<div class=\"elementor-element elementor-element-e7fe5ae elementor-widget elementor-widget-heading\" data-id=\"e7fe5ae\" data-element_type=\"widget\" data-widget_type=\"heading.default\">\n\t\t\t\t<div class=\"elementor-widget-container\">\n\t\t\t\t\t<h2 class=\"elementor-heading-title elementor-size-default\">Referensprojekt<\/h2>\t\t\t\t<\/div>\n\t\t\t\t<\/div>\n\t\t\t\t<div class=\"elementor-element elementor-element-1bd0422 elementor-widget-divider--view-line elementor-widget elementor-widget-divider\" data-id=\"1bd0422\" data-element_type=\"widget\" data-widget_type=\"divider.default\">\n\t\t\t\t<div class=\"elementor-widget-container\">\n\t\t\t\t\t\t\t<div class=\"elementor-divider\">\n\t\t\t<span class=\"elementor-divider-separator\">\n\t\t\t\t\t\t<\/span>\n\t\t<\/div>\n\t\t\t\t\t\t<\/div>\n\t\t\t\t<\/div>\n\t\t\t\t<div class=\"elementor-element elementor-element-c6aed40 elementor-widget-divider--view-line elementor-widget elementor-widget-divider\" data-id=\"c6aed40\" data-element_type=\"widget\" data-widget_type=\"divider.default\">\n\t\t\t\t<div class=\"elementor-widget-container\">\n\t\t\t\t\t\t\t<div class=\"elementor-divider\">\n\t\t\t<span class=\"elementor-divider-separator\">\n\t\t\t\t\t\t<\/span>\n\t\t<\/div>\n\t\t\t\t\t\t<\/div>\n\t\t\t\t<\/div>\n\t\t\t\t<div class=\"elementor-element elementor-element-6928d10 elementor-widget elementor-widget-text-editor\" data-id=\"6928d10\" data-element_type=\"widget\" data-widget_type=\"text-editor.default\">\n\t\t\t\t<div class=\"elementor-widget-container\">\n\t\t\t\t\t\t\t\t\t<p>L\u00e4s mer om v\u00e5ra tj\u00e4nster och vad det anv\u00e4nds till bland v\u00e5ra referenser.<\/p>\t\t\t\t\t\t\t\t<\/div>\n\t\t\t\t<\/div>\n\t\t\t\t<div class=\"elementor-element elementor-element-f18b4fb elementor-widget elementor-widget-button\" data-id=\"f18b4fb\" data-element_type=\"widget\" data-widget_type=\"button.default\">\n\t\t\t\t<div class=\"elementor-widget-container\">\n\t\t\t\t\t\t\t\t\t<div class=\"elementor-button-wrapper\">\n\t\t\t\t\t<a class=\"elementor-button elementor-button-link elementor-size-sm\" href=\"https:\/\/lamdaab.se\/?page_id=42\">\n\t\t\t\t\t\t<span class=\"elementor-button-content-wrapper\">\n\t\t\t\t\t\t\t\t\t<span class=\"elementor-button-text\">REFERENSPROJEKT<\/span>\n\t\t\t\t\t<\/span>\n\t\t\t\t\t<\/a>\n\t\t\t\t<\/div>\n\t\t\t\t\t\t\t\t<\/div>\n\t\t\t\t<\/div>\n\t\t\t\t<\/div>\n\t\t<div class=\"elementor-element elementor-element-bc49648 e-con-full e-flex e-con e-child\" data-id=\"bc49648\" data-element_type=\"container\">\n\t\t<div class=\"elementor-element elementor-element-565947f e-con-full e-flex e-con e-child\" data-id=\"565947f\" data-element_type=\"container\">\n\t\t\t\t<div class=\"elementor-element elementor-element-90c91d2 elementor-widget elementor-widget-heading\" data-id=\"90c91d2\" data-element_type=\"widget\" data-widget_type=\"heading.default\">\n\t\t\t\t<div class=\"elementor-widget-container\">\n\t\t\t\t\t<h2 class=\"elementor-heading-title elementor-size-default\">Kostnadskalkylering<\/h2>\t\t\t\t<\/div>\n\t\t\t\t<\/div>\n\t\t\t\t<div class=\"elementor-element elementor-element-d40da24 elementor-widget elementor-widget-heading\" data-id=\"d40da24\" data-element_type=\"widget\" data-widget_type=\"heading.default\">\n\t\t\t\t<div class=\"elementor-widget-container\">\n\t\t\t\t\t<h2 class=\"elementor-heading-title elementor-size-default\">M\u00e4ngdber\u00e4kning<\/h2>\t\t\t\t<\/div>\n\t\t\t\t<\/div>\n\t\t\t\t<div class=\"elementor-element elementor-element-ef270d1 elementor-widget__width-initial elementor-widget elementor-widget-text-editor\" data-id=\"ef270d1\" data-element_type=\"widget\" data-widget_type=\"text-editor.default\">\n\t\t\t\t<div class=\"elementor-widget-container\">\n\t\t\t\t\t\t\t\t\t<p>F\u00f6r att man skall kunna g\u00f6ra en kostnadsber\u00e4kning kr\u00e4vs en m\u00e4ngdber\u00e4kning. M\u00e4ngdber\u00e4kningen omfattar allt inbyggt material men \u00e4ven vissa hj\u00e4lparbeten, t ex uts\u00e4ttning, h\u00e5ltagning. En <strong>m\u00e4ngdf\u00f6rteckning<\/strong> f\u00f6r ett normalt byggprojekt omfattar ca 3 000 poster. F\u00f6r uppm\u00e4tning av m\u00e4ngderna fr\u00e5n ritningar m.m. kr\u00e4vs branschspecifika <strong>m\u00e4tregler<\/strong> som anger b\u00e5de vad som m\u00e4ts och hur det skall m\u00e4tas. Det \u00e4r helt avg\u00f6rande f\u00f6r kvalit\u00e9n p\u00e5 en m\u00e4ngdf\u00f6rteckning att alla detaljer kommer med.<\/p><p>Kunskapen om m\u00e4ngdber\u00e4kningen \u00e4r s\u00e4mre spridd \u00e4n kunskapen om priser. Det \u00e4r d\u00e4rf\u00f6r viktigt f\u00f6r ett system att \u00e4ven f\u00f6rmedla kunskap om m\u00e4ngder. Fel i kostnadsber\u00e4kningar beror oftare p\u00e5 bortgl\u00f6mda eller felaktiga m\u00e4ngder \u00e4n felaktiga priser. Det \u00e4r dessutom sj\u00e4lvklart att det \u00e4r enklare att stryka bort poster som inte \u00e4r aktuella \u00e4n att komma ih\u00e5g utel\u00e4mnade.<\/p>\t\t\t\t\t\t\t\t<\/div>\n\t\t\t\t<\/div>\n\t\t\t\t<div class=\"elementor-element elementor-element-6a561dd elementor-widget elementor-widget-heading\" data-id=\"6a561dd\" data-element_type=\"widget\" data-widget_type=\"heading.default\">\n\t\t\t\t<div class=\"elementor-widget-container\">\n\t\t\t\t\t<h2 class=\"elementor-heading-title elementor-size-default\">Kostnadskalkylering<\/h2>\t\t\t\t<\/div>\n\t\t\t\t<\/div>\n\t\t\t\t<div class=\"elementor-element elementor-element-2cc182f elementor-widget__width-initial elementor-widget elementor-widget-text-editor\" data-id=\"2cc182f\" data-element_type=\"widget\" data-widget_type=\"text-editor.default\">\n\t\t\t\t<div class=\"elementor-widget-container\">\n\t\t\t\t\t\t\t\t\t<p>Med en <strong>kostnadskalkylering<\/strong> f\u00f6r en generalentreprenad avses generalentrepren\u00f6rens ber\u00e4kning av kostnader f\u00f6r att genomf\u00f6ra entreprenaden. Det l\u00e5ter som en sj\u00e4lvklarhet, men tyv\u00e4rr r\u00e5der h\u00e4r stor oklarhet. Kostnaderna inkluderar t ex kalkylm\u00e4ssiga kostnader f\u00f6r egna maskiner, arbetsledning samt centraladministration, risk och vinst (t\u00e4ckningsbidrag). Underentrepren\u00f6rernas anbud ing\u00e5r i generalentrepren\u00f6rens kostnadsber\u00e4kning.<\/p><p>Kostnadsber\u00e4kningen utg\u00f6r grund f\u00f6r, men skall inte f\u00f6rv\u00e4xlas med, int\u00e4ktsdelen av generalentreprenaden, d v s anbudet till best\u00e4llaren. F\u00f6r best\u00e4llaren d\u00e4remot \u00e4r anbudet en del av investeringskostnaden.<\/p><p>Entreprenadkostnaden ing\u00e5r som en delsumma i den totalkalkyl som en Best\u00e4llare\/Byggherre b\u00f6r ta fram redan i det tidiga skedet av ett projekt. Dels f\u00f6r att f\u00e5 en uppfattning om p\u00e5 vilken niv\u00e5 <strong>Produktionskostnaden<\/strong> kommer att hamna, dels f\u00f6r att ing\u00e5 som en del av investeringskostnaden som i sin tur \u00e4r underlag f\u00f6r den <strong>Investeringskalkyl\u00a0<\/strong>(l\u00f6nsamhetskalkyl) som Best\u00e4llaren b\u00f6r skapa.<br \/>Investeringskalkylen ger svar p\u00e5 de fr\u00e5gor som avg\u00f6r om Best\u00e4llaren skall g\u00e5 vidare med alternativt revidera projektf\u00f6ruts\u00e4ttningarna med tanke p\u00e5 l\u00f6nsamheten i investeringen.<\/p>\t\t\t\t\t\t\t\t<\/div>\n\t\t\t\t<\/div>\n\t\t\t\t<div class=\"elementor-element elementor-element-1c6a842 elementor-widget__width-initial elementor-widget elementor-widget-text-editor\" data-id=\"1c6a842\" data-element_type=\"widget\" data-widget_type=\"text-editor.default\">\n\t\t\t\t<div class=\"elementor-widget-container\">\n\t\t\t\t\t\t\t\t\t<p>En kostnadsber\u00e4kning uppdelas normalt i f\u00f6ljande kostnadsgrupper:<br \/>\u2022 Material<br \/>\u2022 Underentreprenader (UE)<br \/>\u2022 Generalentrepren\u00f6rens eget arbete<br \/>\u2022 Byggplatskostnader<br \/>\u2022 Arbetsledning<br \/>\u2022 Centraladministration, risk och vins<\/p>\t\t\t\t\t\t\t\t<\/div>\n\t\t\t\t<\/div>\n\t\t\t\t<\/div>\n\t\t\t\t<\/div>\n\t\t<div class=\"elementor-element elementor-element-3edfcfb e-con-full e-flex e-con e-child\" data-id=\"3edfcfb\" data-element_type=\"container\">\n\t\t\t\t<\/div>\n\t\t\t\t\t<\/div>\n\t\t\t\t<\/div>\n\t\t\t\t<\/div>\n\t\t","protected":false},"excerpt":{"rendered":"<p>Kalkylering V\u00e5ra tj\u00e4nster Projektering Besiktning Entreprenadbesiktning Utbildningar Kalkylering Referensprojekt L\u00e4s mer om v\u00e5ra tj\u00e4nster och vad det anv\u00e4nds till bland v\u00e5ra referenser. REFERENSPROJEKT Kostnadskalkylering M\u00e4ngdber\u00e4kning F\u00f6r att man skall kunna g\u00f6ra en kostnadsber\u00e4kning kr\u00e4vs en m\u00e4ngdber\u00e4kning. M\u00e4ngdber\u00e4kningen omfattar allt inbyggt material men \u00e4ven vissa hj\u00e4lparbeten, t ex uts\u00e4ttning, h\u00e5ltagning. En m\u00e4ngdf\u00f6rteckning f\u00f6r ett normalt byggprojekt [&hellip;]<\/p>\n","protected":false},"author":1,"featured_media":0,"parent":0,"menu_order":0,"comment_status":"closed","ping_status":"closed","template":"elementor_header_footer","meta":{"footnotes":""},"class_list":["post-226","page","type-page","status-publish","hentry"],"_links":{"self":[{"href":"https:\/\/lamdaab.se\/index.php?rest_route=\/wp\/v2\/pages\/226","targetHints":{"allow":["GET"]}}],"collection":[{"href":"https:\/\/lamdaab.se\/index.php?rest_route=\/wp\/v2\/pages"}],"about":[{"href":"https:\/\/lamdaab.se\/index.php?rest_route=\/wp\/v2\/types\/page"}],"author":[{"embeddable":true,"href":"https:\/\/lamdaab.se\/index.php?rest_route=\/wp\/v2\/users\/1"}],"replies":[{"embeddable":true,"href":"https:\/\/lamdaab.se\/index.php?rest_route=%2Fwp%2Fv2%2Fcomments&post=226"}],"version-history":[{"count":19,"href":"https:\/\/lamdaab.se\/index.php?rest_route=\/wp\/v2\/pages\/226\/revisions"}],"predecessor-version":[{"id":358,"href":"https:\/\/lamdaab.se\/index.php?rest_route=\/wp\/v2\/pages\/226\/revisions\/358"}],"wp:attachment":[{"href":"https:\/\/lamdaab.se\/index.php?rest_route=%2Fwp%2Fv2%2Fmedia&parent=226"}],"curies":[{"name":"wp","href":"https:\/\/api.w.org\/{rel}","templated":true}]}}