{"id":40,"date":"2024-09-27T14:55:39","date_gmt":"2024-09-27T14:55:39","guid":{"rendered":"https:\/\/lamda.hemsida.eu\/?page_id=40"},"modified":"2024-09-29T21:20:29","modified_gmt":"2024-09-29T21:20:29","slug":"om-oss","status":"publish","type":"page","link":"https:\/\/lamdaab.se\/?page_id=40","title":{"rendered":"Om Oss"},"content":{"rendered":"\t\t<div data-elementor-type=\"wp-post\" data-elementor-id=\"40\" class=\"elementor elementor-40\" data-elementor-post-type=\"page\">\n\t\t\t\t<div class=\"elementor-element elementor-element-b1e40dd e-flex e-con-boxed e-con e-parent\" data-id=\"b1e40dd\" data-element_type=\"container\" data-settings=\"{&quot;background_background&quot;:&quot;classic&quot;}\">\n\t\t\t\t\t<div class=\"e-con-inner\">\n\t\t\t\t<div class=\"elementor-element elementor-element-84913ab elementor-widget elementor-widget-heading\" data-id=\"84913ab\" data-element_type=\"widget\" data-widget_type=\"heading.default\">\n\t\t\t\t<div class=\"elementor-widget-container\">\n\t\t\t\t\t<h2 class=\"elementor-heading-title elementor-size-default\">Om Oss<\/h2>\t\t\t\t<\/div>\n\t\t\t\t<\/div>\n\t\t\t\t\t<\/div>\n\t\t\t\t<\/div>\n\t\t<div class=\"elementor-element elementor-element-5d7dd40 e-flex e-con-boxed e-con e-parent\" data-id=\"5d7dd40\" data-element_type=\"container\">\n\t\t\t\t\t<div class=\"e-con-inner\">\n\t\t<div class=\"elementor-element elementor-element-8a7497b e-con-full e-flex e-con e-child\" data-id=\"8a7497b\" data-element_type=\"container\">\n\t\t\t\t<div class=\"elementor-element elementor-element-56ab045 elementor-widget-mobile__width-initial elementor-widget elementor-widget-text-editor\" data-id=\"56ab045\" data-element_type=\"widget\" data-widget_type=\"text-editor.default\">\n\t\t\t\t<div class=\"elementor-widget-container\">\n\t\t\t\t\t\t\t\t\t<p>Lamda Ingenj\u00f6rsbyr\u00e5 AB startade i februari 2006 och har sitt s\u00e4te i Ljungby, med kontor p\u00e5 Garvaren plan 7.<\/p><p>Lamda Ingenj\u00f6rsbyr\u00e5 AB har l\u00e5ng och bred erfarenhet av projektering och utveckling av VVS-anl\u00e4ggningar, allt ifr\u00e5n sm\u00e5 enkla byggnader till stora komplexa anl\u00e4ggningar.<\/p>\t\t\t\t\t\t\t\t<\/div>\n\t\t\t\t<\/div>\n\t\t\t\t<\/div>\n\t\t<div class=\"elementor-element elementor-element-d7ad6c0 e-con-full e-flex e-con e-child\" data-id=\"d7ad6c0\" data-element_type=\"container\">\n\t\t\t\t<\/div>\n\t\t\t\t\t<\/div>\n\t\t\t\t<\/div>\n\t\t\t\t<\/div>\n\t\t","protected":false},"excerpt":{"rendered":"<p>Om Oss Lamda Ingenj\u00f6rsbyr\u00e5 AB startade i februari 2006 och har sitt s\u00e4te i Ljungby, med kontor p\u00e5 Garvaren plan 7. Lamda Ingenj\u00f6rsbyr\u00e5 AB har l\u00e5ng och bred erfarenhet av projektering och utveckling av VVS-anl\u00e4ggningar, allt ifr\u00e5n sm\u00e5 enkla byggnader till stora komplexa anl\u00e4ggningar.<\/p>\n","protected":false},"author":1,"featured_media":0,"parent":0,"menu_order":0,"comment_status":"closed","ping_status":"closed","template":"elementor_header_footer","meta":{"footnotes":""},"class_list":["post-40","page","type-page","status-publish","hentry"],"_links":{"self":[{"href":"https:\/\/lamdaab.se\/index.php?rest_route=\/wp\/v2\/pages\/40","targetHints":{"allow":["GET"]}}],"collection":[{"href":"https:\/\/lamdaab.se\/index.php?rest_route=\/wp\/v2\/pages"}],"about":[{"href":"https:\/\/lamdaab.se\/index.php?rest_route=\/wp\/v2\/types\/page"}],"author":[{"embeddable":true,"href":"https:\/\/lamdaab.se\/index.php?rest_route=\/wp\/v2\/users\/1"}],"replies":[{"embeddable":true,"href":"https:\/\/lamdaab.se\/index.php?rest_route=%2Fwp%2Fv2%2Fcomments&post=40"}],"version-history":[{"count":13,"href":"https:\/\/lamdaab.se\/index.php?rest_route=\/wp\/v2\/pages\/40\/revisions"}],"predecessor-version":[{"id":310,"href":"https:\/\/lamdaab.se\/index.php?rest_route=\/wp\/v2\/pages\/40\/revisions\/310"}],"wp:attachment":[{"href":"https:\/\/lamdaab.se\/index.php?rest_route=%2Fwp%2Fv2%2Fmedia&parent=40"}],"curies":[{"name":"wp","href":"https:\/\/api.w.org\/{rel}","templated":true}]}}