{"id":44,"date":"2024-09-27T14:56:36","date_gmt":"2024-09-27T14:56:36","guid":{"rendered":"https:\/\/lamda.hemsida.eu\/?page_id=44"},"modified":"2024-09-29T21:36:30","modified_gmt":"2024-09-29T21:36:30","slug":"tjanster","status":"publish","type":"page","link":"https:\/\/lamdaab.se\/?page_id=44","title":{"rendered":"Tj\u00e4nster"},"content":{"rendered":"\t\t<div data-elementor-type=\"wp-post\" data-elementor-id=\"44\" class=\"elementor elementor-44\" data-elementor-post-type=\"page\">\n\t\t\t\t<div class=\"elementor-element elementor-element-89c729c e-flex e-con-boxed e-con e-parent\" data-id=\"89c729c\" data-element_type=\"container\" data-settings=\"{&quot;background_background&quot;:&quot;classic&quot;}\">\n\t\t\t\t\t<div class=\"e-con-inner\">\n\t\t\t\t<div class=\"elementor-element elementor-element-1b00e61 elementor-widget elementor-widget-heading\" data-id=\"1b00e61\" data-element_type=\"widget\" data-widget_type=\"heading.default\">\n\t\t\t\t<div class=\"elementor-widget-container\">\n\t\t\t\t\t<h2 class=\"elementor-heading-title elementor-size-default\">Tj\u00e4nster<\/h2>\t\t\t\t<\/div>\n\t\t\t\t<\/div>\n\t\t\t\t\t<\/div>\n\t\t\t\t<\/div>\n\t\t<div class=\"elementor-element elementor-element-9cf9343 e-flex e-con-boxed e-con e-parent\" data-id=\"9cf9343\" data-element_type=\"container\">\n\t\t\t\t\t<div class=\"e-con-inner\">\n\t\t<div class=\"elementor-element elementor-element-634ae85 e-con-full e-flex e-con e-child\" data-id=\"634ae85\" data-element_type=\"container\">\n\t\t\t\t<div class=\"elementor-element elementor-element-f263fe0 elementor-widget elementor-widget-heading\" data-id=\"f263fe0\" data-element_type=\"widget\" data-widget_type=\"heading.default\">\n\t\t\t\t<div class=\"elementor-widget-container\">\n\t\t\t\t\t<h2 class=\"elementor-heading-title elementor-size-default\">V\u00e5ra tj\u00e4nster<\/h2>\t\t\t\t<\/div>\n\t\t\t\t<\/div>\n\t\t\t\t<div class=\"elementor-element elementor-element-f935973 elementor-widget-divider--view-line elementor-widget elementor-widget-divider\" data-id=\"f935973\" data-element_type=\"widget\" data-widget_type=\"divider.default\">\n\t\t\t\t<div class=\"elementor-widget-container\">\n\t\t\t\t\t\t\t<div class=\"elementor-divider\">\n\t\t\t<span class=\"elementor-divider-separator\">\n\t\t\t\t\t\t<\/span>\n\t\t<\/div>\n\t\t\t\t\t\t<\/div>\n\t\t\t\t<\/div>\n\t\t\t\t<div class=\"elementor-element elementor-element-1c0ca1f elementor-hidden-tablet elementor-hidden-mobile elementor-widget-divider--view-line elementor-widget elementor-widget-divider\" data-id=\"1c0ca1f\" data-element_type=\"widget\" data-widget_type=\"divider.default\">\n\t\t\t\t<div class=\"elementor-widget-container\">\n\t\t\t\t\t\t\t<div class=\"elementor-divider\">\n\t\t\t<span class=\"elementor-divider-separator\">\n\t\t\t\t\t\t<\/span>\n\t\t<\/div>\n\t\t\t\t\t\t<\/div>\n\t\t\t\t<\/div>\n\t\t\t\t<div class=\"elementor-element elementor-element-a35750e elementor-widget elementor-widget-heading\" data-id=\"a35750e\" data-element_type=\"widget\" data-widget_type=\"heading.default\">\n\t\t\t\t<div class=\"elementor-widget-container\">\n\t\t\t\t\t<h2 class=\"elementor-heading-title elementor-size-default\"><a href=\"https:\/\/lamdaab.se\/?page_id=183\">Projektering<\/a><\/h2>\t\t\t\t<\/div>\n\t\t\t\t<\/div>\n\t\t\t\t<div class=\"elementor-element elementor-element-19227aa elementor-widget elementor-widget-heading\" data-id=\"19227aa\" data-element_type=\"widget\" data-widget_type=\"heading.default\">\n\t\t\t\t<div class=\"elementor-widget-container\">\n\t\t\t\t\t<h2 class=\"elementor-heading-title elementor-size-default\"><a href=\"https:\/\/lamdaab.se\/?page_id=198\">Besiktning<\/a><\/h2>\t\t\t\t<\/div>\n\t\t\t\t<\/div>\n\t\t\t\t<div class=\"elementor-element elementor-element-88d33db elementor-widget elementor-widget-heading\" data-id=\"88d33db\" data-element_type=\"widget\" data-widget_type=\"heading.default\">\n\t\t\t\t<div class=\"elementor-widget-container\">\n\t\t\t\t\t<h2 class=\"elementor-heading-title elementor-size-default\"><a href=\"https:\/\/lamdaab.se\/?page_id=210\">Entreprenadbesiktning<\/a><\/h2>\t\t\t\t<\/div>\n\t\t\t\t<\/div>\n\t\t\t\t<div class=\"elementor-element elementor-element-32d3fd0 elementor-widget elementor-widget-heading\" data-id=\"32d3fd0\" data-element_type=\"widget\" data-widget_type=\"heading.default\">\n\t\t\t\t<div class=\"elementor-widget-container\">\n\t\t\t\t\t<h2 class=\"elementor-heading-title elementor-size-default\"><a href=\"https:\/\/lamdaab.se\/?page_id=221\">Utbildningar<\/a><\/h2>\t\t\t\t<\/div>\n\t\t\t\t<\/div>\n\t\t\t\t<div class=\"elementor-element elementor-element-c4fd2d8 elementor-widget elementor-widget-heading\" data-id=\"c4fd2d8\" data-element_type=\"widget\" data-widget_type=\"heading.default\">\n\t\t\t\t<div class=\"elementor-widget-container\">\n\t\t\t\t\t<h2 class=\"elementor-heading-title elementor-size-default\"><a href=\"https:\/\/lamdaab.se\/?page_id=226\">Kalkylering<\/a><\/h2>\t\t\t\t<\/div>\n\t\t\t\t<\/div>\n\t\t\t\t<div class=\"elementor-element elementor-element-e7fe5ae elementor-widget elementor-widget-heading\" data-id=\"e7fe5ae\" data-element_type=\"widget\" data-widget_type=\"heading.default\">\n\t\t\t\t<div class=\"elementor-widget-container\">\n\t\t\t\t\t<h2 class=\"elementor-heading-title elementor-size-default\">Referensprojekt<\/h2>\t\t\t\t<\/div>\n\t\t\t\t<\/div>\n\t\t\t\t<div class=\"elementor-element elementor-element-1bd0422 elementor-widget-divider--view-line elementor-widget elementor-widget-divider\" data-id=\"1bd0422\" data-element_type=\"widget\" data-widget_type=\"divider.default\">\n\t\t\t\t<div class=\"elementor-widget-container\">\n\t\t\t\t\t\t\t<div class=\"elementor-divider\">\n\t\t\t<span class=\"elementor-divider-separator\">\n\t\t\t\t\t\t<\/span>\n\t\t<\/div>\n\t\t\t\t\t\t<\/div>\n\t\t\t\t<\/div>\n\t\t\t\t<div class=\"elementor-element elementor-element-c6aed40 elementor-hidden-tablet elementor-hidden-mobile elementor-widget-divider--view-line elementor-widget elementor-widget-divider\" data-id=\"c6aed40\" data-element_type=\"widget\" data-widget_type=\"divider.default\">\n\t\t\t\t<div class=\"elementor-widget-container\">\n\t\t\t\t\t\t\t<div class=\"elementor-divider\">\n\t\t\t<span class=\"elementor-divider-separator\">\n\t\t\t\t\t\t<\/span>\n\t\t<\/div>\n\t\t\t\t\t\t<\/div>\n\t\t\t\t<\/div>\n\t\t\t\t<div class=\"elementor-element elementor-element-6928d10 elementor-widget elementor-widget-text-editor\" data-id=\"6928d10\" data-element_type=\"widget\" data-widget_type=\"text-editor.default\">\n\t\t\t\t<div class=\"elementor-widget-container\">\n\t\t\t\t\t\t\t\t\t<p>L\u00e4s mer om v\u00e5ra tj\u00e4nster och vad det anv\u00e4nds till bland v\u00e5ra referenser.<\/p>\t\t\t\t\t\t\t\t<\/div>\n\t\t\t\t<\/div>\n\t\t\t\t<div class=\"elementor-element elementor-element-f18b4fb elementor-mobile-align-center elementor-widget elementor-widget-button\" data-id=\"f18b4fb\" data-element_type=\"widget\" data-widget_type=\"button.default\">\n\t\t\t\t<div class=\"elementor-widget-container\">\n\t\t\t\t\t\t\t\t\t<div class=\"elementor-button-wrapper\">\n\t\t\t\t\t<a class=\"elementor-button elementor-button-link elementor-size-sm\" href=\"https:\/\/lamdaab.se\/?page_id=42\">\n\t\t\t\t\t\t<span class=\"elementor-button-content-wrapper\">\n\t\t\t\t\t\t\t\t\t<span class=\"elementor-button-text\">REFERENSPROJEKT<\/span>\n\t\t\t\t\t<\/span>\n\t\t\t\t\t<\/a>\n\t\t\t\t<\/div>\n\t\t\t\t\t\t\t\t<\/div>\n\t\t\t\t<\/div>\n\t\t\t\t<\/div>\n\t\t<div class=\"elementor-element elementor-element-bc49648 e-con-full e-flex e-con e-child\" data-id=\"bc49648\" data-element_type=\"container\">\n\t\t<div class=\"elementor-element elementor-element-f3001b3 e-con-full e-flex e-con e-child\" data-id=\"f3001b3\" data-element_type=\"container\">\n\t\t\t\t<div class=\"elementor-element elementor-element-4cbe3e5 elementor-widget elementor-widget-image\" data-id=\"4cbe3e5\" data-element_type=\"widget\" data-widget_type=\"image.default\">\n\t\t\t\t<div class=\"elementor-widget-container\">\n\t\t\t\t\t\t\t\t\t\t\t\t\t\t\t<img fetchpriority=\"high\" decoding=\"async\" width=\"360\" height=\"240\" src=\"https:\/\/lamdaab.se\/wp-content\/uploads\/2024\/09\/OVK-besiktning-360.jpg\" class=\"attachment-large size-large wp-image-167\" alt=\"\" srcset=\"https:\/\/lamdaab.se\/wp-content\/uploads\/2024\/09\/OVK-besiktning-360.jpg 360w, https:\/\/lamdaab.se\/wp-content\/uploads\/2024\/09\/OVK-besiktning-360-300x200.jpg 300w\" sizes=\"(max-width: 360px) 100vw, 360px\" \/>\t\t\t\t\t\t\t\t\t\t\t\t\t\t\t<\/div>\n\t\t\t\t<\/div>\n\t\t\t\t<div class=\"elementor-element elementor-element-48c2d49 elementor-widget elementor-widget-heading\" data-id=\"48c2d49\" data-element_type=\"widget\" data-widget_type=\"heading.default\">\n\t\t\t\t<div class=\"elementor-widget-container\">\n\t\t\t\t\t<h2 class=\"elementor-heading-title elementor-size-default\"><a href=\"https:\/\/lamdaab.se\/?page_id=198\">BESIKTNING<\/a><\/h2>\t\t\t\t<\/div>\n\t\t\t\t<\/div>\n\t\t\t\t<div class=\"elementor-element elementor-element-121716a elementor-widget__width-initial elementor-widget elementor-widget-text-editor\" data-id=\"121716a\" data-element_type=\"widget\" data-widget_type=\"text-editor.default\">\n\t\t\t\t<div class=\"elementor-widget-container\">\n\t\t\t\t\t\t\t\t\t<p>OVK, obligatorisk ventilationskontroll, ska g\u00f6ras regelbundet, i de flesta byggnader. Syftet \u00e4r att visa att inomhusklimatet \u00e4r bra och att ventilationssystemen fungerar. Kontrollen ska g\u00f6ras av en certifierad kontrollant, till exempel Lamda \u2026<\/p>\t\t\t\t\t\t\t\t<\/div>\n\t\t\t\t<\/div>\n\t\t\t\t<div class=\"elementor-element elementor-element-a716d6e elementor-widget elementor-widget-heading\" data-id=\"a716d6e\" data-element_type=\"widget\" data-widget_type=\"heading.default\">\n\t\t\t\t<div class=\"elementor-widget-container\">\n\t\t\t\t\t<h2 class=\"elementor-heading-title elementor-size-default\"><a href=\"https:\/\/lamdaab.se\/?page_id=198\">L\u00c4S MER<\/a><\/h2>\t\t\t\t<\/div>\n\t\t\t\t<\/div>\n\t\t\t\t<\/div>\n\t\t<div class=\"elementor-element elementor-element-565947f e-con-full e-flex e-con e-child\" data-id=\"565947f\" data-element_type=\"container\">\n\t\t\t\t<div class=\"elementor-element elementor-element-843d2ca elementor-widget elementor-widget-image\" data-id=\"843d2ca\" data-element_type=\"widget\" data-widget_type=\"image.default\">\n\t\t\t\t<div class=\"elementor-widget-container\">\n\t\t\t\t\t\t\t\t\t\t\t\t\t\t\t<img decoding=\"async\" width=\"360\" height=\"240\" src=\"https:\/\/lamdaab.se\/wp-content\/uploads\/2024\/09\/Utbildning-360.jpg\" class=\"attachment-large size-large wp-image-174\" alt=\"\" srcset=\"https:\/\/lamdaab.se\/wp-content\/uploads\/2024\/09\/Utbildning-360.jpg 360w, https:\/\/lamdaab.se\/wp-content\/uploads\/2024\/09\/Utbildning-360-300x200.jpg 300w\" sizes=\"(max-width: 360px) 100vw, 360px\" \/>\t\t\t\t\t\t\t\t\t\t\t\t\t\t\t<\/div>\n\t\t\t\t<\/div>\n\t\t\t\t<div class=\"elementor-element elementor-element-c465e62 elementor-widget elementor-widget-heading\" data-id=\"c465e62\" data-element_type=\"widget\" data-widget_type=\"heading.default\">\n\t\t\t\t<div class=\"elementor-widget-container\">\n\t\t\t\t\t<h2 class=\"elementor-heading-title elementor-size-default\"><a href=\"https:\/\/lamdaab.se\/?page_id=221\">UTBILDNINGAR<\/a><\/h2>\t\t\t\t<\/div>\n\t\t\t\t<\/div>\n\t\t\t\t<div class=\"elementor-element elementor-element-2f17d0d elementor-widget__width-initial elementor-widget elementor-widget-text-editor\" data-id=\"2f17d0d\" data-element_type=\"widget\" data-widget_type=\"text-editor.default\">\n\t\t\t\t<div class=\"elementor-widget-container\">\n\t\t\t\t\t\t\t\t\t<p>Vi erbjuder utbildningar inom kalkylering f\u00f6r VVS installationer samt att vi i samarbete med Wikells Byggber\u00e4kningar h\u00e5ller utbildningar i programmet Sektionsdata f\u00f6r dess anv\u00e4ndare.<\/p>\t\t\t\t\t\t\t\t<\/div>\n\t\t\t\t<\/div>\n\t\t\t\t<div class=\"elementor-element elementor-element-5f26f76 elementor-widget elementor-widget-heading\" data-id=\"5f26f76\" data-element_type=\"widget\" data-widget_type=\"heading.default\">\n\t\t\t\t<div class=\"elementor-widget-container\">\n\t\t\t\t\t<h2 class=\"elementor-heading-title elementor-size-default\"><a href=\"https:\/\/lamdaab.se\/?page_id=221\">L\u00c4S MER<\/a><\/h2>\t\t\t\t<\/div>\n\t\t\t\t<\/div>\n\t\t\t\t<\/div>\n\t\t\t\t<\/div>\n\t\t<div class=\"elementor-element elementor-element-5d6ff10 e-con-full e-flex e-con e-child\" data-id=\"5d6ff10\" data-element_type=\"container\">\n\t\t<div class=\"elementor-element elementor-element-0bdb5b6 e-con-full e-flex e-con e-child\" data-id=\"0bdb5b6\" data-element_type=\"container\">\n\t\t\t\t<div class=\"elementor-element elementor-element-e7d327c elementor-widget elementor-widget-image\" data-id=\"e7d327c\" data-element_type=\"widget\" data-widget_type=\"image.default\">\n\t\t\t\t<div class=\"elementor-widget-container\">\n\t\t\t\t\t\t\t\t\t\t\t\t\t\t\t<img decoding=\"async\" width=\"360\" height=\"240\" src=\"https:\/\/lamdaab.se\/wp-content\/uploads\/2024\/09\/projektering.jpg\" class=\"attachment-large size-large wp-image-169\" alt=\"\" srcset=\"https:\/\/lamdaab.se\/wp-content\/uploads\/2024\/09\/projektering.jpg 360w, https:\/\/lamdaab.se\/wp-content\/uploads\/2024\/09\/projektering-300x200.jpg 300w\" sizes=\"(max-width: 360px) 100vw, 360px\" \/>\t\t\t\t\t\t\t\t\t\t\t\t\t\t\t<\/div>\n\t\t\t\t<\/div>\n\t\t\t\t<div class=\"elementor-element elementor-element-067e67d elementor-widget elementor-widget-heading\" data-id=\"067e67d\" data-element_type=\"widget\" data-widget_type=\"heading.default\">\n\t\t\t\t<div class=\"elementor-widget-container\">\n\t\t\t\t\t<h2 class=\"elementor-heading-title elementor-size-default\"><a href=\"https:\/\/lamdaab.se\/?page_id=183\">PROJEKTERING<\/a><\/h2>\t\t\t\t<\/div>\n\t\t\t\t<\/div>\n\t\t\t\t<div class=\"elementor-element elementor-element-2f6e0b9 elementor-widget__width-initial elementor-widget elementor-widget-text-editor\" data-id=\"2f6e0b9\" data-element_type=\"widget\" data-widget_type=\"text-editor.default\">\n\t\t\t\t<div class=\"elementor-widget-container\">\n\t\t\t\t\t\t\t\t\t<p>Lamda har det lilla f\u00f6retagets personliga pr\u00e4gel med stor kompetens och erfarenhet d\u00e4r vi v\u00e4rnar om den personliga kontakten med v\u00e5ra kunder.<\/p>\t\t\t\t\t\t\t\t<\/div>\n\t\t\t\t<\/div>\n\t\t\t\t<div class=\"elementor-element elementor-element-abcd1d0 elementor-widget elementor-widget-heading\" data-id=\"abcd1d0\" data-element_type=\"widget\" data-widget_type=\"heading.default\">\n\t\t\t\t<div class=\"elementor-widget-container\">\n\t\t\t\t\t<h2 class=\"elementor-heading-title elementor-size-default\"><a href=\"https:\/\/lamdaab.se\/?page_id=183\">L\u00c4S MER<\/a><\/h2>\t\t\t\t<\/div>\n\t\t\t\t<\/div>\n\t\t\t\t<\/div>\n\t\t<div class=\"elementor-element elementor-element-930fcfd e-con-full e-flex e-con e-child\" data-id=\"930fcfd\" data-element_type=\"container\">\n\t\t\t\t<div class=\"elementor-element elementor-element-9b86e8c elementor-widget elementor-widget-image\" data-id=\"9b86e8c\" data-element_type=\"widget\" data-widget_type=\"image.default\">\n\t\t\t\t<div class=\"elementor-widget-container\">\n\t\t\t\t\t\t\t\t\t\t\t\t\t\t\t<img loading=\"lazy\" decoding=\"async\" width=\"800\" height=\"530\" src=\"https:\/\/lamdaab.se\/wp-content\/uploads\/2024\/09\/tjanster-840.jpg\" class=\"attachment-large size-large wp-image-179\" alt=\"\" srcset=\"https:\/\/lamdaab.se\/wp-content\/uploads\/2024\/09\/tjanster-840.jpg 840w, https:\/\/lamdaab.se\/wp-content\/uploads\/2024\/09\/tjanster-840-300x199.jpg 300w, https:\/\/lamdaab.se\/wp-content\/uploads\/2024\/09\/tjanster-840-768x509.jpg 768w\" sizes=\"(max-width: 800px) 100vw, 800px\" \/>\t\t\t\t\t\t\t\t\t\t\t\t\t\t\t<\/div>\n\t\t\t\t<\/div>\n\t\t\t\t<div class=\"elementor-element elementor-element-82a9571 elementor-widget elementor-widget-heading\" data-id=\"82a9571\" data-element_type=\"widget\" data-widget_type=\"heading.default\">\n\t\t\t\t<div class=\"elementor-widget-container\">\n\t\t\t\t\t<h2 class=\"elementor-heading-title elementor-size-default\"><a href=\"https:\/\/lamdaab.se\/?page_id=226\">KALKYLERING<\/a><\/h2>\t\t\t\t<\/div>\n\t\t\t\t<\/div>\n\t\t\t\t<div class=\"elementor-element elementor-element-0ef77c2 elementor-widget__width-initial elementor-widget elementor-widget-text-editor\" data-id=\"0ef77c2\" data-element_type=\"widget\" data-widget_type=\"text-editor.default\">\n\t\t\t\t<div class=\"elementor-widget-container\">\n\t\t\t\t\t\t\t\t\t<p>F\u00f6r att man skall kunna g\u00f6ra en kostnadsber\u00e4kning kr\u00e4vs en m\u00e4ngdber\u00e4kning. M\u00e4ngdber\u00e4kningen omfattar allt inbyggt material men \u00e4ven vissa hj\u00e4lparbeten, t ex uts\u00e4ttning, h\u00e5ltagning.<\/p>\t\t\t\t\t\t\t\t<\/div>\n\t\t\t\t<\/div>\n\t\t\t\t<div class=\"elementor-element elementor-element-b8c67c6 elementor-widget elementor-widget-heading\" data-id=\"b8c67c6\" data-element_type=\"widget\" data-widget_type=\"heading.default\">\n\t\t\t\t<div class=\"elementor-widget-container\">\n\t\t\t\t\t<h2 class=\"elementor-heading-title elementor-size-default\"><a href=\"https:\/\/lamdaab.se\/?page_id=226\">L\u00c4S MER<\/a><\/h2>\t\t\t\t<\/div>\n\t\t\t\t<\/div>\n\t\t\t\t<\/div>\n\t\t\t\t<\/div>\n\t\t<div class=\"elementor-element elementor-element-3edfcfb e-con-full e-flex e-con e-child\" data-id=\"3edfcfb\" data-element_type=\"container\">\n\t\t<div class=\"elementor-element elementor-element-00b8139 e-con-full e-flex e-con e-child\" data-id=\"00b8139\" data-element_type=\"container\">\n\t\t\t\t<div class=\"elementor-element elementor-element-9009940 elementor-widget elementor-widget-image\" data-id=\"9009940\" data-element_type=\"widget\" data-widget_type=\"image.default\">\n\t\t\t\t<div class=\"elementor-widget-container\">\n\t\t\t\t\t\t\t\t\t\t\t\t\t\t\t<img loading=\"lazy\" decoding=\"async\" width=\"520\" height=\"300\" src=\"https:\/\/lamdaab.se\/wp-content\/uploads\/2024\/09\/entreprenad-520-2.jpg\" class=\"attachment-large size-large wp-image-170\" alt=\"\" srcset=\"https:\/\/lamdaab.se\/wp-content\/uploads\/2024\/09\/entreprenad-520-2.jpg 520w, https:\/\/lamdaab.se\/wp-content\/uploads\/2024\/09\/entreprenad-520-2-300x173.jpg 300w\" sizes=\"(max-width: 520px) 100vw, 520px\" \/>\t\t\t\t\t\t\t\t\t\t\t\t\t\t\t<\/div>\n\t\t\t\t<\/div>\n\t\t\t\t<div class=\"elementor-element elementor-element-8aa0883 elementor-widget elementor-widget-heading\" data-id=\"8aa0883\" data-element_type=\"widget\" data-widget_type=\"heading.default\">\n\t\t\t\t<div class=\"elementor-widget-container\">\n\t\t\t\t\t<h2 class=\"elementor-heading-title elementor-size-default\"><a href=\"https:\/\/lamdaab.se\/?page_id=210\">ENTREPRENADBESIKTNING<\/a><\/h2>\t\t\t\t<\/div>\n\t\t\t\t<\/div>\n\t\t\t\t<div class=\"elementor-element elementor-element-abd1e96 elementor-widget__width-initial elementor-widget elementor-widget-text-editor\" data-id=\"abd1e96\" data-element_type=\"widget\" data-widget_type=\"text-editor.default\">\n\t\t\t\t<div class=\"elementor-widget-container\">\n\t\t\t\t\t\t\t\t\t<p>De \u201dAllm\u00e4nna Best\u00e4mmelser\u201d som ligger till grund f\u00f6r n\u00e4stan alla byggnads-, anl\u00e4ggnings- och installationsentreprenader stadgar att best\u00e4llarens mottagningskontroll till v\u00e4sentlig del sker genom besiktning.<\/p>\t\t\t\t\t\t\t\t<\/div>\n\t\t\t\t<\/div>\n\t\t\t\t<div class=\"elementor-element elementor-element-3aac023 elementor-widget elementor-widget-heading\" data-id=\"3aac023\" data-element_type=\"widget\" data-widget_type=\"heading.default\">\n\t\t\t\t<div class=\"elementor-widget-container\">\n\t\t\t\t\t<h2 class=\"elementor-heading-title elementor-size-default\"><a href=\"https:\/\/lamdaab.se\/?page_id=210\">L\u00c4S MER<\/a><\/h2>\t\t\t\t<\/div>\n\t\t\t\t<\/div>\n\t\t\t\t<\/div>\n\t\t\t\t<\/div>\n\t\t\t\t\t<\/div>\n\t\t\t\t<\/div>\n\t\t\t\t<\/div>\n\t\t","protected":false},"excerpt":{"rendered":"<p>Tj\u00e4nster V\u00e5ra tj\u00e4nster Projektering Besiktning Entreprenadbesiktning Utbildningar Kalkylering Referensprojekt L\u00e4s mer om v\u00e5ra tj\u00e4nster och vad det anv\u00e4nds till bland v\u00e5ra referenser. REFERENSPROJEKT BESIKTNING OVK, obligatorisk ventilationskontroll, ska g\u00f6ras regelbundet, i de flesta byggnader. Syftet \u00e4r att visa att inomhusklimatet \u00e4r bra och att ventilationssystemen fungerar. Kontrollen ska g\u00f6ras av en certifierad kontrollant, till exempel [&hellip;]<\/p>\n","protected":false},"author":1,"featured_media":0,"parent":0,"menu_order":0,"comment_status":"closed","ping_status":"closed","template":"elementor_header_footer","meta":{"footnotes":""},"class_list":["post-44","page","type-page","status-publish","hentry"],"_links":{"self":[{"href":"https:\/\/lamdaab.se\/index.php?rest_route=\/wp\/v2\/pages\/44","targetHints":{"allow":["GET"]}}],"collection":[{"href":"https:\/\/lamdaab.se\/index.php?rest_route=\/wp\/v2\/pages"}],"about":[{"href":"https:\/\/lamdaab.se\/index.php?rest_route=\/wp\/v2\/types\/page"}],"author":[{"embeddable":true,"href":"https:\/\/lamdaab.se\/index.php?rest_route=\/wp\/v2\/users\/1"}],"replies":[{"embeddable":true,"href":"https:\/\/lamdaab.se\/index.php?rest_route=%2Fwp%2Fv2%2Fcomments&post=44"}],"version-history":[{"count":34,"href":"https:\/\/lamdaab.se\/index.php?rest_route=\/wp\/v2\/pages\/44\/revisions"}],"predecessor-version":[{"id":331,"href":"https:\/\/lamdaab.se\/index.php?rest_route=\/wp\/v2\/pages\/44\/revisions\/331"}],"wp:attachment":[{"href":"https:\/\/lamdaab.se\/index.php?rest_route=%2Fwp%2Fv2%2Fmedia&parent=44"}],"curies":[{"name":"wp","href":"https:\/\/api.w.org\/{rel}","templated":true}]}}